{"id":2165,"date":"2022-04-05T13:16:03","date_gmt":"2022-04-05T13:16:03","guid":{"rendered":"https:\/\/opentrad.com\/centro-de-axuda\/"},"modified":"2023-05-29T11:33:12","modified_gmt":"2023-05-29T11:33:12","slug":"centro-de-axuda","status":"publish","type":"page","link":"https:\/\/opentrad.com\/gl\/centro-de-axuda\/","title":{"rendered":"Centro de axuda"},"content":{"rendered":"[et_pb_section fb_built=&#8221;1&#8243; admin_label=&#8221;section&#8221; _builder_version=&#8221;4.16&#8243; background_image=&#8221;https:\/\/opentrad.com\/wp-content\/uploads\/2017\/06\/fondo-blo.jpg&#8221; global_colors_info=&#8221;{}&#8221;][et_pb_row admin_label=&#8221;row&#8221; _builder_version=&#8221;4.16&#8243; background_size=&#8221;initial&#8221; background_position=&#8221;top_left&#8221; background_repeat=&#8221;repeat&#8221; global_colors_info=&#8221;{}&#8221;][et_pb_column type=&#8221;4_4&#8243; _builder_version=&#8221;4.16&#8243; custom_padding=&#8221;|||&#8221; global_colors_info=&#8221;{}&#8221; custom_padding__hover=&#8221;|||&#8221;][et_pb_text admin_label=&#8221;Texto&#8221; _builder_version=&#8221;4.16.1&#8243; global_colors_info=&#8221;{}&#8221;]\n<h1 style=\"text-align: center;\">Centro de axuda<\/h1>\n[\/et_pb_text][\/et_pb_column][\/et_pb_row][\/et_pb_section][et_pb_section fb_built=&#8221;1&#8243; admin_label=&#8221;section&#8221; _builder_version=&#8221;4.16&#8243; global_colors_info=&#8221;{}&#8221;][et_pb_row admin_label=&#8221;row&#8221; _builder_version=&#8221;4.16&#8243; background_size=&#8221;initial&#8221; background_position=&#8221;top_left&#8221; background_repeat=&#8221;repeat&#8221; global_colors_info=&#8221;{}&#8221;][et_pb_column type=&#8221;4_4&#8243; _builder_version=&#8221;4.16&#8243; custom_padding=&#8221;|||&#8221; global_colors_info=&#8221;{}&#8221; custom_padding__hover=&#8221;|||&#8221;][et_pb_text admin_label=&#8221;Text&#8221; _builder_version=&#8221;4.16.1&#8243; background_size=&#8221;initial&#8221; background_position=&#8221;top_left&#8221; background_repeat=&#8221;repeat&#8221; global_colors_info=&#8221;{}&#8221;]\n<h4><span style=\"font-size: xx-large;\"><strong>Como podemos axudarche?<\/strong><\/span><\/h4>\n[\/et_pb_text][et_pb_text _builder_version=&#8221;4.18.0&#8243; _module_preset=&#8221;default&#8221; global_colors_info=&#8221;{}&#8221;]\n<p>Podes revisar os seguintes temas para atopar a informaci\u00f3n que buscas ou contactar connosco no noso correo electr\u00f3nico de soporte comercial <a href=\"mailto:comercial@opentrad.com\">comercial@opentrad.com<\/a> ou de soporte t\u00e9cnico <a href=\"mailto:incidencias@opentrad.com\"><span>incidencias@opentrad.com<\/span><\/a><span>.<\/span><\/p>\n[\/et_pb_text][\/et_pb_column][\/et_pb_row][et_pb_row column_structure=&#8221;1_2,1_2&#8243; admin_label=&#8221;row&#8221; _builder_version=&#8221;4.16&#8243; global_colors_info=&#8221;{}&#8221;][et_pb_column type=&#8221;1_2&#8243; _builder_version=&#8221;4.16&#8243; custom_padding=&#8221;|||&#8221; global_colors_info=&#8221;{}&#8221; custom_padding__hover=&#8221;|||&#8221;][et_pb_text _builder_version=&#8221;4.16.1&#8243; _module_preset=&#8221;default&#8221; global_colors_info=&#8221;{}&#8221;]\n<h2>Xeral<\/h2>\n[\/et_pb_text][et_pb_accordion _builder_version=&#8221;4.18.0&#8243; _module_preset=&#8221;default&#8221; border_width_top=&#8221;2px&#8221; border_color_top=&#8221;#66cc33&#8243; box_shadow_style=&#8221;preset3&#8243; box_shadow_spread=&#8221;-16px&#8221; global_colors_info=&#8221;{}&#8221;][et_pb_accordion_item title=&#8221;Empezar a usar o tradutor&#8221; open=&#8221;on&#8221; _builder_version=&#8221;4.18.0&#8243; _module_preset=&#8221;default&#8221; custom_margin=&#8221;||20px||false|false&#8221; global_colors_info=&#8221;{}&#8221;]\n<p>Na versi\u00f3n web do tradutor Opentrad, podes traducir texto, webs e documentos mantendo o formato entre 8 idiomas.<\/p>\n[\/et_pb_accordion_item][et_pb_accordion_item title=&#8221;Traducir texto&#8221; _builder_version=&#8221;4.18.0&#8243; _module_preset=&#8221;default&#8221; custom_margin=&#8221;||20px||false|false&#8221; global_colors_info=&#8221;{}&#8221; open=&#8221;off&#8221;]\n<p>Podes escribir na caixa de texto ou pegar directamente o contido. A medida que escribes, ou ao premer o bot\u00f3n TRADUCIR, o texto env\u00edase a Opentrad e trad\u00facese.<\/p>\n<p>O resultado aparecer\u00e1 na caixa de texto do idioma de destino, desde onde poder\u00e1s copialo utilizando o bot\u00f3n <img loading=\"lazy\" src=\"https:\/\/opentrad.com\/wp-content\/uploads\/2022\/03\/Opentrad-copiar.png\" width=\"19\" height=\"25\" alt=\"\" class=\"wp-image-813 alignnone size-full\" \/>\u00a0Copiar.<\/p>\n[\/et_pb_accordion_item][et_pb_accordion_item title=&#8221;Traducir webs&#8221; _builder_version=&#8221;4.18.0&#8243; _module_preset=&#8221;default&#8221; custom_margin=&#8221;||20px||false|false&#8221; global_colors_info=&#8221;{}&#8221; open=&#8221;off&#8221;]\n<p>Desde a opci\u00f3n de traduci\u00f3n de texto e webs, simplemente escribe ou pega a URL que queiras traducir. Preme o bot\u00f3n TRADUCIR e aparecer\u00e1 a URL da web traducida na caixa de texto do idioma de destino. Preme na URL e navega sobre a traduci\u00f3n.<\/p>\n[\/et_pb_accordion_item][et_pb_accordion_item title=&#8221;Traducir documentos &#8221; _builder_version=&#8221;4.18.0&#8243; _module_preset=&#8221;default&#8221; custom_margin=&#8221;||20px||false|false&#8221; global_colors_info=&#8221;{}&#8221; open=&#8221;off&#8221;]\n<p>En Opentrad non s\u00f3 podes traducir texto e URL, sen\u00f3n que tam\u00e9n podes subir documentos e traducilos mantendo o seu formato orixinal. Na s\u00faa versi\u00f3n gratu\u00edta poder\u00e1s traducir documentos de ata 5MB. Nesta nova versi\u00f3n melloramos a interface para facilitarche a traduci\u00f3n de m\u00e1is dun documento \u00e1 vez.<\/p>\n<p>Para traducir documentos, selecciona a opci\u00f3n de Traducir documentos e indica o idioma de orixe e de destino. Despois, arrastra sobre o cadro o arquivo que queiras traducir, ou preme sobre el para seleccionar o documento desde o sistema de arquivos. Unha vez subido o documento, preme o bot\u00f3n TRADUCIR. Cando termine a traduci\u00f3n, poder\u00e1s descargar o documento traducido.<\/p>\n<p>Se subiches m\u00e1is dun documento, volve premer o bot\u00f3n TRADUCIR para realizar o mesmo proceso co seguinte documento.<\/p>\n<p>Opentrad soporta os seguintes formatos:<\/p>\n<ul>\n<li>.doc e\u00a0.docx<\/li>\n<li>.xls e .xlsx<\/li>\n<li>.ppt e .pptx<\/li>\n<li>.odt<\/li>\n<li>.ods<\/li>\n<li>.html e .xml<\/li>\n<li>.txt<\/li>\n<\/ul>\n[\/et_pb_accordion_item][\/et_pb_accordion][et_pb_text _builder_version=&#8221;4.16.1&#8243; _module_preset=&#8221;default&#8221; global_colors_info=&#8221;{}&#8221;]\n<h2>Integraci\u00f3ns con outras aplicaci\u00f3ns<\/h2>\n[\/et_pb_text][et_pb_accordion _builder_version=&#8221;4.16.1&#8243; _module_preset=&#8221;default&#8221; border_width_top=&#8221;2px&#8221; border_color_top=&#8221;#66cc33&#8243; box_shadow_style=&#8221;preset3&#8243; box_shadow_spread=&#8221;-16px&#8221; global_colors_info=&#8221;{}&#8221;][et_pb_accordion_item title=&#8221;Como integrar Opentrad noutras aplicaci\u00f3ns&#8221; open=&#8221;on&#8221; _builder_version=&#8221;4.16.1&#8243; _module_preset=&#8221;default&#8221; custom_margin=&#8221;||20px||false|false&#8221; global_colors_info=&#8221;{}&#8221;]\n<p>Opentrad conta cunha API para integrar a traduci\u00f3n autom\u00e1tica noutras aplicaci\u00f3ns. Este servizo \u00e9 de pago, consulta as tarifas ou ponte en contacto connosco a trav\u00e9s do correo <a href=\"mailto:comercial@opentrad.com\">comercial@opentrad.com.\u00a0<\/a><\/p>\n[\/et_pb_accordion_item][et_pb_accordion_item title=&#8221;Ferramentas TAO&#8221; _builder_version=&#8221;4.16.1&#8243; _module_preset=&#8221;default&#8221; custom_margin=&#8221;||20px||false|false&#8221; global_colors_info=&#8221;{}&#8221; open=&#8221;off&#8221;]\n<p>Opentrad conta cun plugin para Trados Studio. Este servizo \u00e9 de pago, consulta as tarifas ou ponte en contacto connosco a trav\u00e9s do correo <a href=\"mailto:comercial@opentrad.com\">comercial@opentrad.com.<\/a><\/p>\n[\/et_pb_accordion_item][\/et_pb_accordion][\/et_pb_column][et_pb_column type=&#8221;1_2&#8243; _builder_version=&#8221;4.16&#8243; custom_padding=&#8221;|||&#8221; global_colors_info=&#8221;{}&#8221; custom_padding__hover=&#8221;|||&#8221;][et_pb_text _builder_version=&#8221;4.18.0&#8243; _module_preset=&#8221;default&#8221; global_colors_info=&#8221;{}&#8221;]\n<h2>Aspectos ling\u00fc\u00edsticos<\/h2>\n[\/et_pb_text][et_pb_accordion _builder_version=&#8221;4.18.0&#8243; _module_preset=&#8221;default&#8221; border_width_top=&#8221;2px&#8221; border_color_top=&#8221;#66cc33&#8243; box_shadow_style=&#8221;preset3&#8243; box_shadow_spread=&#8221;-16px&#8221; global_colors_info=&#8221;{}&#8221;][et_pb_accordion_item title=&#8221;Que idiomas traduce? Hai outros tradutores que te\u00f1en m\u00e1is idiomas&#8221; _builder_version=&#8221;4.18.0&#8243; _module_preset=&#8221;default&#8221; custom_margin=&#8221;||20px||false|false&#8221; global_colors_info=&#8221;{}&#8221; open=&#8221;off&#8221;]\n<p>Opentrad \u00e9 unha plataforma de traduci\u00f3n que naceu orixinalmente para dar soluci\u00f3n \u00e1 traduci\u00f3n dos idiomas auton\u00f3micos, sendo o \u00fanico sistema que permit\u00eda a s\u00faa traduci\u00f3n con calidade. Hoxe, o noso obxectivo \u00e9 ampliar o servizo incorporando novos pares de traduci\u00f3n e novos servizos como <a href=\"https:\/\/imaxin.com\/imaxinlocaliza\/\" target=\"_blank\" rel=\"noopener\" title=\"localizaci\u00f3n de software\">a localizaci\u00f3n de software<\/a> ou a <a href=\"https:\/\/imaxin.com\/imaxinlocaliza\/\" target=\"_blank\" rel=\"noopener\" title=\"revisi\u00f3n de la traducci\u00f3n\">revisi\u00f3n de traduci\u00f3n<\/a>.<\/p>\n<p>Opentrad permite traducir:<\/p>\n<ul>\n<li>espa\u00f1ol-galego<\/li>\n<li>espa\u00f1ol-catal\u00e1n \/ catal\u00e1n balear<\/li>\n<li>espa\u00f1ol-portugu\u00e9s \/ portugu\u00e9s do Brasil<\/li>\n<li>ingl\u00e9s-espa\u00f1ol<\/li>\n<li>ingl\u00e9s-galego<\/li>\n<li>ingl\u00e9s-catal\u00e1n<\/li>\n<li>espa\u00f1ol-franc\u00e9s<\/li>\n<li>portugu\u00e9s-galego<\/li>\n<li>portugu\u00e9s-catal\u00e1n<\/li>\n<li>espa\u00f1ol-asturiano<\/li>\n<\/ul>\n[\/et_pb_accordion_item][et_pb_accordion_item title=&#8221;Que son as Palabras desco\u00f1ecidas?&#8221; open=&#8221;off&#8221; _builder_version=&#8221;4.16.1&#8243; _module_preset=&#8221;default&#8221; custom_margin=&#8221;||20px||false|false&#8221; global_colors_info=&#8221;{}&#8221;]\n<p>Esta opci\u00f3n permite que o tradutor marque as palabras que non co\u00f1ece. Resultarache \u00fatil para a revisi\u00f3n da traduci\u00f3n.<\/p>\n[\/et_pb_accordion_item][et_pb_accordion_item title=&#8221;Que significa unha palabra subli\u00f1ada en azul?&#8221; _builder_version=&#8221;4.16.1&#8243; _module_preset=&#8221;default&#8221; custom_margin=&#8221;||20px||false|false&#8221; global_colors_info=&#8221;{}&#8221; open=&#8221;on&#8221;]\n<p>Na traduci\u00f3n de texto poden aparecer palabras subli\u00f1adas, que indican que son palabras que non detecta o tradutor. Se queres eliminalas, simplemente desactiva a opci\u00f3n de marcar Palabras desco\u00f1ecidas.<\/p>\n[\/et_pb_accordion_item][\/et_pb_accordion][\/et_pb_column][\/et_pb_row][\/et_pb_section][et_pb_section fb_built=&#8221;1&#8243; _builder_version=&#8221;4.16.1&#8243; background_color=&#8221;#222222&#8243; global_colors_info=&#8221;{}&#8221;][et_pb_row column_structure=&#8221;1_2,1_6,1_6,1_6&#8243; _builder_version=&#8221;4.16.1&#8243; background_size=&#8221;initial&#8221; background_position=&#8221;top_left&#8221; background_repeat=&#8221;repeat&#8221; custom_margin=&#8221;||||false|false&#8221; custom_padding=&#8221;||||false|false&#8221; global_colors_info=&#8221;{}&#8221;][et_pb_column type=&#8221;1_2&#8243; _builder_version=&#8221;4.16.1&#8243; _module_preset=&#8221;default&#8221; custom_padding=&#8221;|25%|||false|false&#8221; custom_padding_tablet=&#8221;|25%|||false|false&#8221; custom_padding_phone=&#8221;|25%|||false|false&#8221; custom_padding_last_edited=&#8221;on|desktop&#8221; custom_css_main_element=&#8221;||&#8221; global_colors_info=&#8221;{}&#8221;][et_pb_image src=&#8221;https:\/\/opentrad.com\/wp-content\/uploads\/2022\/04\/opentrad_LOGO-completo-W.svg&#8221; title_text=&#8221;opentrad_LOGO completo W&#8221; _builder_version=&#8221;4.16.1&#8243; _module_preset=&#8221;default&#8221; width=&#8221;100%&#8221; width_tablet=&#8221;51%&#8221; width_phone=&#8221;100%&#8221; width_last_edited=&#8221;on|tablet&#8221; max_width=&#8221;75%&#8221; global_colors_info=&#8221;{}&#8221;][\/et_pb_image][et_pb_text _builder_version=&#8221;4.16.1&#8243; _module_preset=&#8221;default&#8221; background_layout=&#8221;dark&#8221; global_colors_info=&#8221;{}&#8221;]\n<p>Opentrad \u00e9 a plataforma l\u00edder en servizos de traduci\u00f3n autom\u00e1tica en c\u00f3digo aberto.<\/p>\n[\/et_pb_text][et_pb_text _builder_version=&#8221;4.16.1&#8243; _module_preset=&#8221;default&#8221; text_text_color=&#8221;#FFFFFF&#8221; background_layout=&#8221;dark&#8221; custom_margin=&#8221;30px||||false|false&#8221; global_colors_info=&#8221;{}&#8221;]\n<p>Un produto<br \/><a href=\"https:\/\/imaxin.com\" target=\"_blank\" rel=\"noopener\"><img style=\"width: 150px; margin-bottom: 2px;\" src=\"\/wp-content\/uploads\/2022\/03\/logoXenericoBlancoTransp.png\" \/><\/a><\/p>\n[\/et_pb_text][\/et_pb_column][et_pb_column type=&#8221;1_6&#8243; _builder_version=&#8221;4.16.1&#8243; _module_preset=&#8221;default&#8221; global_colors_info=&#8221;{}&#8221;][et_pb_text _builder_version=&#8221;4.16.1&#8243; _module_preset=&#8221;default&#8221; background_layout=&#8221;dark&#8221; custom_margin=&#8221;50px||0px||false|false&#8221; custom_padding=&#8221;||0px||false|false&#8221; global_colors_info=&#8221;{}&#8221;]\n<h5><strong>Recursos<\/strong><\/h5>\n[\/et_pb_text][et_pb_menu menu_id=&#8221;58&#8243; active_link_color=&#8221;#FFFFFF&#8221; dropdown_menu_bg_color=&#8221;RGBA(255,255,255,0)&#8221; dropdown_menu_text_color=&#8221;#FFFFFF&#8221; dropdown_menu_active_link_color=&#8221;#FFFFFF&#8221; mobile_menu_text_color=&#8221;#FFFFFF&#8221; module_class=&#8221;vertical-menu lwp-hide-mobile-menu &#8221; _builder_version=&#8221;4.16.1&#8243; _module_preset=&#8221;default&#8221; menu_text_color=&#8221;#FFFFFF&#8221; background_enable_color=&#8221;off&#8221; background_layout=&#8221;dark&#8221; custom_margin=&#8221;||||false|false&#8221; custom_padding=&#8221;||||false|false&#8221; border_color_left=&#8221;#FFFFFF&#8221; global_colors_info=&#8221;{}&#8221;][\/et_pb_menu][\/et_pb_column][et_pb_column type=&#8221;1_6&#8243; _builder_version=&#8221;4.16.1&#8243; _module_preset=&#8221;default&#8221; global_colors_info=&#8221;{}&#8221;][et_pb_text _builder_version=&#8221;4.16.1&#8243; _module_preset=&#8221;default&#8221; background_layout=&#8221;dark&#8221; custom_margin=&#8221;50px||0px||false|false&#8221; custom_padding=&#8221;||0px||false|false&#8221; global_colors_info=&#8221;{}&#8221;]\n<h5><strong>Produtos<\/strong><\/h5>\n[\/et_pb_text][et_pb_menu menu_id=&#8221;59&#8243; active_link_color=&#8221;#FFFFFF&#8221; dropdown_menu_bg_color=&#8221;RGBA(255,255,255,0)&#8221; dropdown_menu_text_color=&#8221;#FFFFFF&#8221; dropdown_menu_active_link_color=&#8221;#FFFFFF&#8221; mobile_menu_text_color=&#8221;#FFFFFF&#8221; module_class=&#8221;vertical-menu lwp-hide-mobile-menu &#8221; _builder_version=&#8221;4.16.1&#8243; _module_preset=&#8221;default&#8221; menu_text_color=&#8221;#FFFFFF&#8221; background_enable_color=&#8221;off&#8221; background_layout=&#8221;dark&#8221; module_alignment=&#8221;left&#8221; custom_margin=&#8221;|0px||0px|false|false&#8221; custom_padding=&#8221;|0px||0px|false|false&#8221; text_orientation_last_edited=&#8221;off|desktop&#8221; border_color_left=&#8221;#FFFFFF&#8221; global_colors_info=&#8221;{}&#8221;][\/et_pb_menu][\/et_pb_column][et_pb_column type=&#8221;1_6&#8243; _builder_version=&#8221;4.16.1&#8243; _module_preset=&#8221;default&#8221; global_colors_info=&#8221;{}&#8221;][et_pb_text _builder_version=&#8221;4.18.0&#8243; _module_preset=&#8221;default&#8221; background_layout=&#8221;dark&#8221; custom_margin=&#8221;50px||0px||false|false&#8221; custom_padding=&#8221;||0px||false|false&#8221; global_colors_info=&#8221;{}&#8221;]\n<h5><strong>S\u00edguenos en<\/strong><\/h5>\n[\/et_pb_text][et_pb_social_media_follow icon_color=&#8221;#000000&#8243; icon_color_tablet=&#8221;&#8221; icon_color_phone=&#8221;&#8221; icon_color_last_edited=&#8221;on|phone&#8221; _builder_version=&#8221;4.16.1&#8243; _module_preset=&#8221;default&#8221; background_enable_color=&#8221;off&#8221; text_orientation=&#8221;left&#8221; custom_margin=&#8221;10px||||false|false&#8221; global_colors_info=&#8221;{}&#8221;][et_pb_social_media_follow_network social_network=&#8221;twitter&#8221; url=&#8221;https:\/\/twitter.com\/opentrad_com&#8221; _builder_version=&#8221;4.16.1&#8243; _module_preset=&#8221;default&#8221; background_color=&#8221;#FFFFFF&#8221; background_enable_color=&#8221;on&#8221; global_colors_info=&#8221;{}&#8221; follow_button=&#8221;off&#8221; url_new_window=&#8221;on&#8221;]twitter[\/et_pb_social_media_follow_network][et_pb_social_media_follow_network social_network=&#8221;linkedin&#8221; url=&#8221;https:\/\/www.linkedin.com\/company\/imaxin-software&#8221; _builder_version=&#8221;4.16.1&#8243; _module_preset=&#8221;default&#8221; background_color=&#8221;#FFFFFF&#8221; background_enable_color=&#8221;on&#8221; global_colors_info=&#8221;{}&#8221; follow_button=&#8221;off&#8221; url_new_window=&#8221;on&#8221;]linkedin[\/et_pb_social_media_follow_network][\/et_pb_social_media_follow][\/et_pb_column][\/et_pb_row][\/et_pb_section]\n","protected":false},"excerpt":{"rendered":"<p>Centro de axudaComo podemos axudarche?Podes revisar os seguintes temas para atopar a informaci\u00f3n que buscas ou contactar connosco no noso correo electr\u00f3nico de soporte comercial comercial@opentrad.com ou de soporte t\u00e9cnico incidencias@opentrad.com.XeralNa versi\u00f3n web do tradutor Opentrad, podes traducir texto, webs e documentos mantendo o formato entre 8 idiomas.Podes escribir na caixa de texto ou pegar [&hellip;]<\/p>\n","protected":false},"author":4,"featured_media":0,"parent":0,"menu_order":0,"comment_status":"closed","ping_status":"closed","template":"","meta":{"_et_pb_use_builder":"on","_et_pb_old_content":"","_et_gb_content_width":""},"yoast_head":"<!-- This site is optimized with the Yoast SEO plugin v20.1 - https:\/\/yoast.com\/wordpress\/plugins\/seo\/ -->\n<title>Centro de axuda - Opentrad<\/title>\n<meta name=\"robots\" content=\"index, follow, max-snippet:-1, max-image-preview:large, max-video-preview:-1\" \/>\n<link rel=\"canonical\" href=\"https:\/\/opentrad.com\/gl\/centro-de-axuda\/\" \/>\n<meta property=\"og:locale\" content=\"gl_ES\" \/>\n<meta property=\"og:type\" content=\"article\" \/>\n<meta property=\"og:title\" content=\"Centro de axuda - Opentrad\" \/>\n<meta property=\"og:description\" content=\"Centro de axudaComo podemos axudarche?Podes revisar os seguintes temas para atopar a informaci\u00f3n que buscas ou contactar connosco no noso correo electr\u00f3nico de soporte comercial comercial@opentrad.com ou de soporte t\u00e9cnico incidencias@opentrad.com.XeralNa versi\u00f3n web do tradutor Opentrad, podes traducir texto, webs e documentos mantendo o formato entre 8 idiomas.Podes escribir na caixa de texto ou pegar [&hellip;]\" \/>\n<meta property=\"og:url\" content=\"https:\/\/opentrad.com\/gl\/centro-de-axuda\/\" \/>\n<meta property=\"og:site_name\" content=\"Opentrad\" \/>\n<meta property=\"article:modified_time\" content=\"2023-05-29T11:33:12+00:00\" \/>\n<meta property=\"og:image\" content=\"https:\/\/opentrad.com\/wp-content\/uploads\/2022\/03\/Opentrad-copiar.png\" \/>\n<meta name=\"twitter:card\" content=\"summary_large_image\" \/>\n<meta name=\"twitter:label1\" content=\"Tempo de lectura\" \/>\n\t<meta name=\"twitter:data1\" content=\"9 minutos\" \/>\n<script type=\"application\/ld+json\" class=\"yoast-schema-graph\">{\"@context\":\"https:\/\/schema.org\",\"@graph\":[{\"@type\":\"WebPage\",\"@id\":\"https:\/\/opentrad.com\/gl\/centro-de-axuda\/\",\"url\":\"https:\/\/opentrad.com\/gl\/centro-de-axuda\/\",\"name\":\"Centro de axuda - Opentrad\",\"isPartOf\":{\"@id\":\"https:\/\/opentrad.com\/#website\"},\"datePublished\":\"2022-04-05T13:16:03+00:00\",\"dateModified\":\"2023-05-29T11:33:12+00:00\",\"breadcrumb\":{\"@id\":\"https:\/\/opentrad.com\/gl\/centro-de-axuda\/#breadcrumb\"},\"inLanguage\":\"gl-ES\",\"potentialAction\":[{\"@type\":\"ReadAction\",\"target\":[\"https:\/\/opentrad.com\/gl\/centro-de-axuda\/\"]}]},{\"@type\":\"BreadcrumbList\",\"@id\":\"https:\/\/opentrad.com\/gl\/centro-de-axuda\/#breadcrumb\",\"itemListElement\":[{\"@type\":\"ListItem\",\"position\":1,\"name\":\"Portada\",\"item\":\"https:\/\/opentrad.com\/\"},{\"@type\":\"ListItem\",\"position\":2,\"name\":\"Centro de axuda\"}]},{\"@type\":\"WebSite\",\"@id\":\"https:\/\/opentrad.com\/#website\",\"url\":\"https:\/\/opentrad.com\/\",\"name\":\"Opentrad\",\"description\":\"Traductor autom\u00e1tico que traduce tus documentos manteniendo el formato\",\"potentialAction\":[{\"@type\":\"SearchAction\",\"target\":{\"@type\":\"EntryPoint\",\"urlTemplate\":\"https:\/\/opentrad.com\/?s={search_term_string}\"},\"query-input\":\"required name=search_term_string\"}],\"inLanguage\":\"gl-ES\"}]}<\/script>\n<!-- \/ Yoast SEO plugin. -->","yoast_head_json":{"title":"Centro de axuda - Opentrad","robots":{"index":"index","follow":"follow","max-snippet":"max-snippet:-1","max-image-preview":"max-image-preview:large","max-video-preview":"max-video-preview:-1"},"canonical":"https:\/\/opentrad.com\/gl\/centro-de-axuda\/","og_locale":"gl_ES","og_type":"article","og_title":"Centro de axuda - Opentrad","og_description":"Centro de axudaComo podemos axudarche?Podes revisar os seguintes temas para atopar a informaci\u00f3n que buscas ou contactar connosco no noso correo electr\u00f3nico de soporte comercial comercial@opentrad.com ou de soporte t\u00e9cnico incidencias@opentrad.com.XeralNa versi\u00f3n web do tradutor Opentrad, podes traducir texto, webs e documentos mantendo o formato entre 8 idiomas.Podes escribir na caixa de texto ou pegar [&hellip;]","og_url":"https:\/\/opentrad.com\/gl\/centro-de-axuda\/","og_site_name":"Opentrad","article_modified_time":"2023-05-29T11:33:12+00:00","og_image":[{"url":"https:\/\/opentrad.com\/wp-content\/uploads\/2022\/03\/Opentrad-copiar.png"}],"twitter_card":"summary_large_image","twitter_misc":{"Tempo de lectura":"9 minutos"},"schema":{"@context":"https:\/\/schema.org","@graph":[{"@type":"WebPage","@id":"https:\/\/opentrad.com\/gl\/centro-de-axuda\/","url":"https:\/\/opentrad.com\/gl\/centro-de-axuda\/","name":"Centro de axuda - Opentrad","isPartOf":{"@id":"https:\/\/opentrad.com\/#website"},"datePublished":"2022-04-05T13:16:03+00:00","dateModified":"2023-05-29T11:33:12+00:00","breadcrumb":{"@id":"https:\/\/opentrad.com\/gl\/centro-de-axuda\/#breadcrumb"},"inLanguage":"gl-ES","potentialAction":[{"@type":"ReadAction","target":["https:\/\/opentrad.com\/gl\/centro-de-axuda\/"]}]},{"@type":"BreadcrumbList","@id":"https:\/\/opentrad.com\/gl\/centro-de-axuda\/#breadcrumb","itemListElement":[{"@type":"ListItem","position":1,"name":"Portada","item":"https:\/\/opentrad.com\/"},{"@type":"ListItem","position":2,"name":"Centro de axuda"}]},{"@type":"WebSite","@id":"https:\/\/opentrad.com\/#website","url":"https:\/\/opentrad.com\/","name":"Opentrad","description":"Traductor autom\u00e1tico que traduce tus documentos manteniendo el formato","potentialAction":[{"@type":"SearchAction","target":{"@type":"EntryPoint","urlTemplate":"https:\/\/opentrad.com\/?s={search_term_string}"},"query-input":"required name=search_term_string"}],"inLanguage":"gl-ES"}]}},"_links":{"self":[{"href":"https:\/\/opentrad.com\/gl\/wp-json\/wp\/v2\/pages\/2165"}],"collection":[{"href":"https:\/\/opentrad.com\/gl\/wp-json\/wp\/v2\/pages"}],"about":[{"href":"https:\/\/opentrad.com\/gl\/wp-json\/wp\/v2\/types\/page"}],"author":[{"embeddable":true,"href":"https:\/\/opentrad.com\/gl\/wp-json\/wp\/v2\/users\/4"}],"replies":[{"embeddable":true,"href":"https:\/\/opentrad.com\/gl\/wp-json\/wp\/v2\/comments?post=2165"}],"version-history":[{"count":6,"href":"https:\/\/opentrad.com\/gl\/wp-json\/wp\/v2\/pages\/2165\/revisions"}],"predecessor-version":[{"id":2775,"href":"https:\/\/opentrad.com\/gl\/wp-json\/wp\/v2\/pages\/2165\/revisions\/2775"}],"wp:attachment":[{"href":"https:\/\/opentrad.com\/gl\/wp-json\/wp\/v2\/media?parent=2165"}],"curies":[{"name":"wp","href":"https:\/\/api.w.org\/{rel}","templated":true}]}}