{"id":2174,"date":"2017-06-06T20:53:15","date_gmt":"2017-06-06T20:53:15","guid":{"rendered":"https:\/\/opentrad.com\/politica-de-cookies\/"},"modified":"2023-05-30T12:12:34","modified_gmt":"2023-05-30T12:12:34","slug":"politica-de-cookies","status":"publish","type":"page","link":"https:\/\/opentrad.com\/gl\/politica-de-cookies\/","title":{"rendered":"Pol\u00edtica de cookies"},"content":{"rendered":"[et_pb_section fb_built=&#8221;1&#8243; _builder_version=&#8221;4.16&#8243; global_colors_info=&#8221;{}&#8221;][et_pb_row _builder_version=&#8221;4.16&#8243; background_size=&#8221;initial&#8221; background_position=&#8221;top_left&#8221; background_repeat=&#8221;repeat&#8221; global_colors_info=&#8221;{}&#8221;][et_pb_column type=&#8221;4_4&#8243; _builder_version=&#8221;4.16&#8243; custom_padding=&#8221;|||&#8221; global_colors_info=&#8221;{}&#8221; custom_padding__hover=&#8221;|||&#8221;][et_pb_text _builder_version=&#8221;4.18.0&#8243; background_size=&#8221;initial&#8221; background_position=&#8221;top_left&#8221; background_repeat=&#8221;repeat&#8221; hover_enabled=&#8221;0&#8243; global_colors_info=&#8221;{}&#8221; sticky_enabled=&#8221;0&#8243;]\n<h2>POL\u00cdTICAS DE COOKIES<\/h2>\n<p>Unha cookie \u00e9 un pequeno ficheiro de texto que se almacena no seu navegador cando visita case calquera p\u00e1xina web. A s\u00faa utilidade \u00e9 que a web sexa capaz de lembrar a s\u00faa visita cando volva navegar por esa p\u00e1xina. As cookies adoitan almacenar informaci\u00f3n de car\u00e1cter t\u00e9cnico, preferencias persoais, personalizaci\u00f3n de contidos, estat\u00edsticas de uso, ligaz\u00f3ns a redes sociais, acceso a contas de usuario etc. O obxectivo da cookie \u00e9 adaptar o contido da web ao seu perfil e necesidades, sen cookies os servizos ofrecidos por calquera p\u00e1xina ver\u00edanse minguados notablemente. Se desexa consultar m\u00e1is informaci\u00f3n sobre que son as cookies, que almacenan, como eliminalas, desactivalas etc., pode premer o seguinte bot\u00f3n. <code><\/code><\/p>\n<p><code><button type=\"button\" class=\"gdpr-preferences\" data-tab=\"gdpr-consent-management\">Preferencias de privacidade<\/button><\/code><\/p>\n<h2>Cookies utilizadas neste sitio web<\/h2>\n<p>Seguindo as directrices da Axencia Espa\u00f1ola de Protecci\u00f3n de Datos, procedemos a detallar o uso de cookies que fai esta web co fin de informarlle coa m\u00e1xima exactitude posible.<\/p>\n<p>Este sitio web utiliza as seguintes <strong>cookies propias<\/strong>:<\/p>\n<ul>\n<li>Cookies de personalizaci\u00f3n: son aquelas que che permiten acceder ao servizo cunhas caracter\u00edsticas predefinidas en funci\u00f3n dunha serie de criterios, por exemplo, o idioma, o tipo de navegador a trav\u00e9s do cal se accede ao servizo, a configuraci\u00f3n rexional desde onde se accede ao servizo etc.<\/li>\n<li>Cookies t\u00e9cnicas: util\u00edzanse para a correcta navegaci\u00f3n polo sitio web e para controlar determinados aspectos do funcionamento da p\u00e1xina como temas de seguridade, control do tr\u00e1fico etc.<\/li>\n<li>Cookies de an\u00e1lise: son aquelas que nos permiten cuantificar o n\u00famero de usuarios e as\u00ed realizar a medici\u00f3n e a an\u00e1lise estat\u00edstica da utilizaci\u00f3n que fan os usuarios dos servizos prestados.<\/li>\n<\/ul>\n<p>Este sitio web utiliza as seguintes <strong>cookies de terceiros<\/strong>:<\/p>\n<ul>\n<li>Google Analytics: almacena cookies para poder elaborar estat\u00edsticas sobre o tr\u00e1fico e o volume de visitas desta web. Ao utilizar este sitio web est\u00e1 a consentir o tratamento de informaci\u00f3n acerca de vostede por Google. Se desexa evitar que Google Analitycs almacene datos, pode facelo usando o bot\u00f3n que aparece no primeiro par\u00e1grafo.<\/li>\n<\/ul>\n<h2>Desactivaci\u00f3n ou eliminaci\u00f3n de cookies<\/h2>\n<p>En calquera momento poder\u00e1 exercer o seu dereito de desactivaci\u00f3n ou eliminaci\u00f3n de cookies deste sitio web. Estas acci\u00f3ns real\u00edzanse de forma diferente en funci\u00f3n do navegador que estea a usar.<\/p>\n<h2>Notas adicionais<\/h2>\n<ul>\n<li>Nin esta web nin os seus representantes legais fanse responsables do contido ou da veracidade das pol\u00edticas de privacidade que poidan ter os terceiros mencionados nesta pol\u00edtica de cookies.<\/li>\n<li>Os navegadores web son as ferramentas encargadas de almacenar as cookies e desde este lugar debe efectuar o seu dereito \u00e1 eliminaci\u00f3n ou \u00e1 desactivaci\u00f3n das mesmas. Nin esta web nin os seus representantes legais poden garantir a correcta ou incorrecta manipulaci\u00f3n das cookies por parte dos mencionados navegadores.<\/li>\n<li>Nalg\u00fans casos \u00e9 necesario instalar cookies para que o navegador non esqueza a s\u00faa decisi\u00f3n de non aceptaci\u00f3n das mesmas.<\/li>\n<li>No caso das cookies de Google Analytics, esta empresa almacena as cookies en servidores situados nos Estados Unidos e comprom\u00e9tese a non compartilas con terceiros, excepto nos casos nos que sexa necesario para o funcionamento do sistema ou cando a lei obrigue para ese efecto. Segundo Google, non garda a s\u00faa direcci\u00f3n IP. Google Inc. \u00e9 unha compa\u00f1\u00eda adherida ao Acordo de Porto Seguro, que garante que todos os datos transferidos ser\u00e1n tratados cun nivel de protecci\u00f3n acorde \u00e1 normativa europea. Se desexa informaci\u00f3n sobre o uso que Google d\u00e1 \u00e1s cookies, <a href=\"https:\/\/developers.google.com\/analytics\/devguides\/collection\/analyticsjs\/cookie-usage?hl=es&amp;csw=1\" target=\"_blank\" rel=\"noopener noreferrer\">acheg\u00e1moslle esta outra ligaz\u00f3n<\/a>.<\/li>\n<li>Para calquera d\u00fabida ou consulta acerca desta pol\u00edtica de cookies, non dubide en comunicarse connosco a trav\u00e9s da secci\u00f3n de contacto.<\/li>\n<\/ul>\n<h2>Dereitos de acceso, rectificaci\u00f3n, cancelaci\u00f3n e portabilidade<\/h2>\n<p>Se desexa modificar as s\u00faas preferencias de privacidade, pode premer o seguinte bot\u00f3n:<\/p>\n<p><code><\/code><code><button type=\"button\" class=\"gdpr-preferences\" data-tab=\"gdpr-consent-management\">Preferencias de privacidade<\/button><\/code><\/p>\n<p><code><\/code><\/p>\n<ul>\n<li>Se desexa eliminar os seus datos persoais do noso sitio web, pode solicitalo enviando un correo electr\u00f3nico a <a title=\"Correo electr\u00f3nico\" href=\"mailto:lopd@imaxin.com\">lopd@imaxin.com<\/a>.<\/li>\n<li>Se desexa rectificar ou modificar os seus datos persoais do noso sitio web, pode solicitalo enviando un correo electr\u00f3nico a <a title=\"Correo electr\u00f3nico\" href=\"mailto:lopd@imaxin.com\">lopd@imaxin.com<\/a>.<\/li>\n<li>Se desexa eliminar os seus datos persoais do noso sitio web, pode solicitalo enviando un correo electr\u00f3nico a  <a title=\"Correo electr\u00f3nico\" href=\"mailto:lopd@imaxin.com\">lopd@imaxin.com<\/a>.<\/li>\n<li>Se desexa unha copia dos seus datos, pode solicitalo enviando un correo electr\u00f3nico a <a title=\"Correo electr\u00f3nico\" href=\"mailto:lopd@imaxin.com\">lopd@imaxin.com<\/a>.<\/li>\n<\/ul>\n<h2><\/h2>\n[\/et_pb_text][\/et_pb_column][\/et_pb_row][\/et_pb_section][et_pb_section fb_built=&#8221;1&#8243; _builder_version=&#8221;4.16.1&#8243; background_color=&#8221;#222222&#8243; global_colors_info=&#8221;{}&#8221;][et_pb_row column_structure=&#8221;1_2,1_6,1_6,1_6&#8243; _builder_version=&#8221;4.16.1&#8243; background_size=&#8221;initial&#8221; background_position=&#8221;top_left&#8221; background_repeat=&#8221;repeat&#8221; custom_margin=&#8221;||||false|false&#8221; custom_padding=&#8221;||||false|false&#8221; global_colors_info=&#8221;{}&#8221;][et_pb_column type=&#8221;1_2&#8243; _builder_version=&#8221;4.16.1&#8243; _module_preset=&#8221;default&#8221; custom_padding=&#8221;|25%|||false|false&#8221; custom_padding_tablet=&#8221;|25%|||false|false&#8221; custom_padding_phone=&#8221;|25%|||false|false&#8221; custom_padding_last_edited=&#8221;on|desktop&#8221; custom_css_main_element=&#8221;||&#8221; global_colors_info=&#8221;{}&#8221;][et_pb_image src=&#8221;https:\/\/opentrad.com\/wp-content\/uploads\/2022\/04\/opentrad_LOGO-completo-W.svg&#8221; title_text=&#8221;opentrad_LOGO completo W&#8221; _builder_version=&#8221;4.16.1&#8243; _module_preset=&#8221;default&#8221; width=&#8221;100%&#8221; width_tablet=&#8221;51%&#8221; width_phone=&#8221;100%&#8221; width_last_edited=&#8221;on|tablet&#8221; max_width=&#8221;75%&#8221; global_colors_info=&#8221;{}&#8221;][\/et_pb_image][et_pb_text _builder_version=&#8221;4.16.1&#8243; _module_preset=&#8221;default&#8221; background_layout=&#8221;dark&#8221; global_colors_info=&#8221;{}&#8221;]\n<p>Opentrad \u00e9 a plataforma l\u00edder en servizos de traduci\u00f3n autom\u00e1tica en c\u00f3digo aberto.<\/p>\n[\/et_pb_text][et_pb_text _builder_version=&#8221;4.16.1&#8243; _module_preset=&#8221;default&#8221; text_text_color=&#8221;#FFFFFF&#8221; background_layout=&#8221;dark&#8221; custom_margin=&#8221;30px||||false|false&#8221; global_colors_info=&#8221;{}&#8221;]\n<p>Un produto<br \/><a href=\"https:\/\/imaxin.com\" target=\"_blank\" rel=\"noopener\"><img style=\"width: 150px; margin-bottom: 2px;\" src=\"\/wp-content\/uploads\/2022\/03\/logoXenericoBlancoTransp.png\" \/><\/a><\/p>\n[\/et_pb_text][\/et_pb_column][et_pb_column type=&#8221;1_6&#8243; _builder_version=&#8221;4.16.1&#8243; _module_preset=&#8221;default&#8221; global_colors_info=&#8221;{}&#8221;][et_pb_text _builder_version=&#8221;4.16.1&#8243; _module_preset=&#8221;default&#8221; background_layout=&#8221;dark&#8221; custom_margin=&#8221;50px||0px||false|false&#8221; custom_padding=&#8221;||0px||false|false&#8221; global_colors_info=&#8221;{}&#8221;]\n<h5><strong>Recursos<\/strong><\/h5>\n[\/et_pb_text][et_pb_menu menu_id=&#8221;58&#8243; active_link_color=&#8221;#FFFFFF&#8221; dropdown_menu_bg_color=&#8221;RGBA(255,255,255,0)&#8221; dropdown_menu_text_color=&#8221;#FFFFFF&#8221; dropdown_menu_active_link_color=&#8221;#FFFFFF&#8221; mobile_menu_text_color=&#8221;#FFFFFF&#8221; module_class=&#8221;vertical-menu lwp-hide-mobile-menu &#8221; _builder_version=&#8221;4.16.1&#8243; _module_preset=&#8221;default&#8221; menu_text_color=&#8221;#FFFFFF&#8221; background_enable_color=&#8221;off&#8221; background_layout=&#8221;dark&#8221; custom_margin=&#8221;||||false|false&#8221; custom_padding=&#8221;||||false|false&#8221; border_color_left=&#8221;#FFFFFF&#8221; global_colors_info=&#8221;{}&#8221;][\/et_pb_menu][\/et_pb_column][et_pb_column type=&#8221;1_6&#8243; _builder_version=&#8221;4.16.1&#8243; _module_preset=&#8221;default&#8221; global_colors_info=&#8221;{}&#8221;][et_pb_text _builder_version=&#8221;4.16.1&#8243; _module_preset=&#8221;default&#8221; background_layout=&#8221;dark&#8221; custom_margin=&#8221;50px||0px||false|false&#8221; custom_padding=&#8221;||0px||false|false&#8221; global_colors_info=&#8221;{}&#8221;]\n<h5><strong>Produtos<\/strong><\/h5>\n[\/et_pb_text][et_pb_menu menu_id=&#8221;59&#8243; active_link_color=&#8221;#FFFFFF&#8221; dropdown_menu_bg_color=&#8221;RGBA(255,255,255,0)&#8221; dropdown_menu_text_color=&#8221;#FFFFFF&#8221; dropdown_menu_active_link_color=&#8221;#FFFFFF&#8221; mobile_menu_text_color=&#8221;#FFFFFF&#8221; module_class=&#8221;vertical-menu lwp-hide-mobile-menu &#8221; _builder_version=&#8221;4.16.1&#8243; _module_preset=&#8221;default&#8221; menu_text_color=&#8221;#FFFFFF&#8221; background_enable_color=&#8221;off&#8221; background_layout=&#8221;dark&#8221; module_alignment=&#8221;left&#8221; custom_margin=&#8221;|0px||0px|false|false&#8221; custom_padding=&#8221;|0px||0px|false|false&#8221; text_orientation_last_edited=&#8221;off|desktop&#8221; border_color_left=&#8221;#FFFFFF&#8221; global_colors_info=&#8221;{}&#8221;][\/et_pb_menu][\/et_pb_column][et_pb_column type=&#8221;1_6&#8243; _builder_version=&#8221;4.16.1&#8243; _module_preset=&#8221;default&#8221; global_colors_info=&#8221;{}&#8221;][et_pb_text _builder_version=&#8221;4.18.0&#8243; _module_preset=&#8221;default&#8221; background_layout=&#8221;dark&#8221; custom_margin=&#8221;50px||0px||false|false&#8221; custom_padding=&#8221;||0px||false|false&#8221; global_colors_info=&#8221;{}&#8221;]\n<h5><strong>S\u00edguenos en<\/strong><\/h5>\n[\/et_pb_text][et_pb_social_media_follow icon_color=&#8221;#000000&#8243; icon_color_tablet=&#8221;&#8221; icon_color_phone=&#8221;&#8221; icon_color_last_edited=&#8221;on|phone&#8221; _builder_version=&#8221;4.16.1&#8243; _module_preset=&#8221;default&#8221; background_enable_color=&#8221;off&#8221; text_orientation=&#8221;left&#8221; custom_margin=&#8221;10px||||false|false&#8221; global_colors_info=&#8221;{}&#8221;][et_pb_social_media_follow_network social_network=&#8221;twitter&#8221; url=&#8221;https:\/\/twitter.com\/opentrad_com&#8221; _builder_version=&#8221;4.16.1&#8243; _module_preset=&#8221;default&#8221; background_color=&#8221;#FFFFFF&#8221; background_enable_color=&#8221;on&#8221; global_colors_info=&#8221;{}&#8221; follow_button=&#8221;off&#8221; url_new_window=&#8221;on&#8221;]twitter[\/et_pb_social_media_follow_network][et_pb_social_media_follow_network social_network=&#8221;linkedin&#8221; url=&#8221;https:\/\/www.linkedin.com\/company\/imaxin-software&#8221; _builder_version=&#8221;4.16.1&#8243; _module_preset=&#8221;default&#8221; background_color=&#8221;#FFFFFF&#8221; background_enable_color=&#8221;on&#8221; global_colors_info=&#8221;{}&#8221; follow_button=&#8221;off&#8221; url_new_window=&#8221;on&#8221;]linkedin[\/et_pb_social_media_follow_network][\/et_pb_social_media_follow][\/et_pb_column][\/et_pb_row][\/et_pb_section]\n","protected":false},"excerpt":{"rendered":"<p>POL\u00cdTICAS DE COOKIES Unha cookie \u00e9 un pequeno ficheiro de texto que se almacena no seu navegador cando visita case calquera p\u00e1xina web. A s\u00faa utilidade \u00e9 que a web sexa capaz de lembrar a s\u00faa visita cando volva navegar por esa p\u00e1xina. As cookies adoitan almacenar informaci\u00f3n de car\u00e1cter t\u00e9cnico, preferencias persoais, personalizaci\u00f3n de [&hellip;]<\/p>\n","protected":false},"author":4,"featured_media":0,"parent":0,"menu_order":0,"comment_status":"closed","ping_status":"closed","template":"","meta":{"_et_pb_use_builder":"on","_et_pb_old_content":"","_et_gb_content_width":""},"yoast_head":"<!-- This site is optimized with the Yoast SEO plugin v20.1 - https:\/\/yoast.com\/wordpress\/plugins\/seo\/ -->\n<title>Pol\u00edtica de cookies - Opentrad<\/title>\n<meta name=\"robots\" content=\"index, follow, max-snippet:-1, max-image-preview:large, max-video-preview:-1\" \/>\n<link rel=\"canonical\" href=\"https:\/\/opentrad.com\/politica-de-cookies\/\" \/>\n<meta property=\"og:locale\" content=\"gl_ES\" \/>\n<meta property=\"og:type\" content=\"article\" \/>\n<meta property=\"og:title\" content=\"Pol\u00edtica de cookies - Opentrad\" \/>\n<meta property=\"og:description\" content=\"POL\u00cdTICAS DE COOKIES Unha cookie \u00e9 un pequeno ficheiro de texto que se almacena no seu navegador cando visita case calquera p\u00e1xina web. A s\u00faa utilidade \u00e9 que a web sexa capaz de lembrar a s\u00faa visita cando volva navegar por esa p\u00e1xina. As cookies adoitan almacenar informaci\u00f3n de car\u00e1cter t\u00e9cnico, preferencias persoais, personalizaci\u00f3n de [&hellip;]\" \/>\n<meta property=\"og:url\" content=\"https:\/\/opentrad.com\/politica-de-cookies\/\" \/>\n<meta property=\"og:site_name\" content=\"Opentrad\" \/>\n<meta property=\"article:modified_time\" content=\"2023-05-30T12:12:34+00:00\" \/>\n<meta name=\"twitter:card\" content=\"summary_large_image\" \/>\n<meta name=\"twitter:label1\" content=\"Tempo de lectura\" \/>\n\t<meta name=\"twitter:data1\" content=\"7 minutos\" \/>\n<script type=\"application\/ld+json\" class=\"yoast-schema-graph\">{\"@context\":\"https:\/\/schema.org\",\"@graph\":[{\"@type\":\"WebPage\",\"@id\":\"https:\/\/opentrad.com\/politica-de-cookies\/\",\"url\":\"https:\/\/opentrad.com\/politica-de-cookies\/\",\"name\":\"Pol\u00edtica de cookies - Opentrad\",\"isPartOf\":{\"@id\":\"https:\/\/opentrad.com\/#website\"},\"datePublished\":\"2017-06-06T20:53:15+00:00\",\"dateModified\":\"2023-05-30T12:12:34+00:00\",\"breadcrumb\":{\"@id\":\"https:\/\/opentrad.com\/politica-de-cookies\/#breadcrumb\"},\"inLanguage\":\"gl-ES\",\"potentialAction\":[{\"@type\":\"ReadAction\",\"target\":[\"https:\/\/opentrad.com\/politica-de-cookies\/\"]}]},{\"@type\":\"BreadcrumbList\",\"@id\":\"https:\/\/opentrad.com\/politica-de-cookies\/#breadcrumb\",\"itemListElement\":[{\"@type\":\"ListItem\",\"position\":1,\"name\":\"Portada\",\"item\":\"https:\/\/opentrad.com\/\"},{\"@type\":\"ListItem\",\"position\":2,\"name\":\"Pol\u00edtica de cookies\"}]},{\"@type\":\"WebSite\",\"@id\":\"https:\/\/opentrad.com\/#website\",\"url\":\"https:\/\/opentrad.com\/\",\"name\":\"Opentrad\",\"description\":\"Traductor autom\u00e1tico que traduce tus documentos manteniendo el formato\",\"potentialAction\":[{\"@type\":\"SearchAction\",\"target\":{\"@type\":\"EntryPoint\",\"urlTemplate\":\"https:\/\/opentrad.com\/?s={search_term_string}\"},\"query-input\":\"required name=search_term_string\"}],\"inLanguage\":\"gl-ES\"}]}<\/script>\n<!-- \/ Yoast SEO plugin. -->","yoast_head_json":{"title":"Pol\u00edtica de cookies - Opentrad","robots":{"index":"index","follow":"follow","max-snippet":"max-snippet:-1","max-image-preview":"max-image-preview:large","max-video-preview":"max-video-preview:-1"},"canonical":"https:\/\/opentrad.com\/politica-de-cookies\/","og_locale":"gl_ES","og_type":"article","og_title":"Pol\u00edtica de cookies - Opentrad","og_description":"POL\u00cdTICAS DE COOKIES Unha cookie \u00e9 un pequeno ficheiro de texto que se almacena no seu navegador cando visita case calquera p\u00e1xina web. A s\u00faa utilidade \u00e9 que a web sexa capaz de lembrar a s\u00faa visita cando volva navegar por esa p\u00e1xina. As cookies adoitan almacenar informaci\u00f3n de car\u00e1cter t\u00e9cnico, preferencias persoais, personalizaci\u00f3n de [&hellip;]","og_url":"https:\/\/opentrad.com\/politica-de-cookies\/","og_site_name":"Opentrad","article_modified_time":"2023-05-30T12:12:34+00:00","twitter_card":"summary_large_image","twitter_misc":{"Tempo de lectura":"7 minutos"},"schema":{"@context":"https:\/\/schema.org","@graph":[{"@type":"WebPage","@id":"https:\/\/opentrad.com\/politica-de-cookies\/","url":"https:\/\/opentrad.com\/politica-de-cookies\/","name":"Pol\u00edtica de cookies - Opentrad","isPartOf":{"@id":"https:\/\/opentrad.com\/#website"},"datePublished":"2017-06-06T20:53:15+00:00","dateModified":"2023-05-30T12:12:34+00:00","breadcrumb":{"@id":"https:\/\/opentrad.com\/politica-de-cookies\/#breadcrumb"},"inLanguage":"gl-ES","potentialAction":[{"@type":"ReadAction","target":["https:\/\/opentrad.com\/politica-de-cookies\/"]}]},{"@type":"BreadcrumbList","@id":"https:\/\/opentrad.com\/politica-de-cookies\/#breadcrumb","itemListElement":[{"@type":"ListItem","position":1,"name":"Portada","item":"https:\/\/opentrad.com\/"},{"@type":"ListItem","position":2,"name":"Pol\u00edtica de cookies"}]},{"@type":"WebSite","@id":"https:\/\/opentrad.com\/#website","url":"https:\/\/opentrad.com\/","name":"Opentrad","description":"Traductor autom\u00e1tico que traduce tus documentos manteniendo el formato","potentialAction":[{"@type":"SearchAction","target":{"@type":"EntryPoint","urlTemplate":"https:\/\/opentrad.com\/?s={search_term_string}"},"query-input":"required name=search_term_string"}],"inLanguage":"gl-ES"}]}},"_links":{"self":[{"href":"https:\/\/opentrad.com\/gl\/wp-json\/wp\/v2\/pages\/2174"}],"collection":[{"href":"https:\/\/opentrad.com\/gl\/wp-json\/wp\/v2\/pages"}],"about":[{"href":"https:\/\/opentrad.com\/gl\/wp-json\/wp\/v2\/types\/page"}],"author":[{"embeddable":true,"href":"https:\/\/opentrad.com\/gl\/wp-json\/wp\/v2\/users\/4"}],"replies":[{"embeddable":true,"href":"https:\/\/opentrad.com\/gl\/wp-json\/wp\/v2\/comments?post=2174"}],"version-history":[{"count":15,"href":"https:\/\/opentrad.com\/gl\/wp-json\/wp\/v2\/pages\/2174\/revisions"}],"predecessor-version":[{"id":2845,"href":"https:\/\/opentrad.com\/gl\/wp-json\/wp\/v2\/pages\/2174\/revisions\/2845"}],"wp:attachment":[{"href":"https:\/\/opentrad.com\/gl\/wp-json\/wp\/v2\/media?parent=2174"}],"curies":[{"name":"wp","href":"https:\/\/api.w.org\/{rel}","templated":true}]}}