{"id":2178,"date":"2017-06-06T11:39:16","date_gmt":"2017-06-06T11:39:16","guid":{"rendered":"https:\/\/opentrad.com\/rexistro-opentrad-puntogal\/"},"modified":"2023-06-01T07:49:08","modified_gmt":"2023-06-01T07:49:08","slug":"opentrad-puntogal","status":"publish","type":"page","link":"https:\/\/opentrad.com\/gl\/opentrad-puntogal\/","title":{"rendered":"Rexistro Opentrad-PuntoGal"},"content":{"rendered":"[et_pb_section fb_built=&#8221;1&#8243; admin_label=&#8221;Secci\u00f3n&#8221; _builder_version=&#8221;4.18.0&#8243; background_image=&#8221;https:\/\/opentrad.com\/wp-content\/uploads\/2023\/05\/contacto.jpg&#8221; global_colors_info=&#8221;{}&#8221;][et_pb_row admin_label=&#8221;Fila&#8221; _builder_version=&#8221;4.16&#8243; background_size=&#8221;initial&#8221; background_position=&#8221;top_left&#8221; background_repeat=&#8221;repeat&#8221; global_colors_info=&#8221;{}&#8221;][et_pb_column type=&#8221;4_4&#8243; _builder_version=&#8221;4.16&#8243; custom_padding=&#8221;|||&#8221; global_colors_info=&#8221;{}&#8221; custom_padding__hover=&#8221;|||&#8221;][et_pb_text admin_label=&#8221;Texto&#8221; _builder_version=&#8221;4.18.0&#8243; border_style=&#8221;solid&#8221; global_colors_info=&#8221;{}&#8221;]\n<h1 style=\"text-align: center;\">Formulario de alta de Opentrad &#8211; PuntoGal<\/h1>\n[\/et_pb_text][\/et_pb_column][\/et_pb_row][\/et_pb_section][et_pb_section fb_built=&#8221;1&#8243; admin_label=&#8221;section&#8221; _builder_version=&#8221;4.16&#8243; global_colors_info=&#8221;{}&#8221;][et_pb_row _builder_version=&#8221;4.18.0&#8243; _module_preset=&#8221;default&#8221; global_colors_info=&#8221;{}&#8221;][et_pb_column type=&#8221;4_4&#8243; _builder_version=&#8221;4.18.0&#8243; _module_preset=&#8221;default&#8221; global_colors_info=&#8221;{}&#8221;][et_pb_text _builder_version=&#8221;4.18.0&#8243; _module_preset=&#8221;default&#8221; header_2_line_height=&#8221;1.8em&#8221; header_3_line_height=&#8221;1.8em&#8221; header_4_line_height=&#8221;1.8em&#8221; global_colors_info=&#8221;{}&#8221;]\n<h2><strong>Tradutor de balde de PuntoGal e Opentrad<\/strong><\/h2>\n<h3 style=\"font-weight: 400;\">S\u00f3 por ter unha web cun dominio PuntoGal feita en WordPress podes ter un servizo de traduci\u00f3n de balde entre o galego e castel\u00e1n.<\/h3>\n<p><strong>\u00c9 moi doado<\/strong>: s\u00f3 tes que dar de alta a t\u00faa web e recibir\u00e1s as ligaz\u00f3ns e o manual para po\u00f1ela en marcha a trav\u00e9s dun complemento de WordPress.<\/p>\n<p>Este servizo ten un l\u00edmite de 25 000 palabras\/mes. Excedido este l\u00edmite, non se poder\u00e1n realizar novas traduci\u00f3ns ata o mes seguinte. En caso de querer aumentar o l\u00edmite, <a href=\"https:\/\/opentrad.com\/gl\/contacto\/\">contacta connosco.<\/a><\/p>\n[\/et_pb_text][\/et_pb_column][\/et_pb_row][et_pb_row column_structure=&#8221;3_5,1_5,1_5&#8243; admin_label=&#8221;row&#8221; _builder_version=&#8221;4.16&#8243; background_size=&#8221;initial&#8221; background_position=&#8221;top_left&#8221; background_repeat=&#8221;repeat&#8221; global_colors_info=&#8221;{}&#8221;][et_pb_column type=&#8221;3_5&#8243; _builder_version=&#8221;4.16&#8243; custom_padding=&#8221;|||&#8221; global_colors_info=&#8221;{}&#8221; custom_padding__hover=&#8221;|||&#8221;][et_pb_text module_id=&#8221;wpml-form&#8221; module_class=&#8221;wpml-form&#8221; _builder_version=&#8221;4.18.0&#8243; _module_preset=&#8221;default&#8221; global_colors_info=&#8221;{}&#8221;]&#8230;[\/et_pb_text][\/et_pb_column][et_pb_column type=&#8221;1_5&#8243; _builder_version=&#8221;4.16&#8243; custom_padding=&#8221;|||&#8221; global_colors_info=&#8221;{}&#8221; custom_padding__hover=&#8221;|||&#8221;][et_pb_image src=&#8221;https:\/\/opentrad.com\/wp-content\/uploads\/2023\/03\/Logo_Puntogal_Principal_RGB.svg&#8221; title_text=&#8221;Logo_Puntogal_Principal_RGB&#8221; align=&#8221;center&#8221; align_tablet=&#8221;center&#8221; align_phone=&#8221;center&#8221; align_last_edited=&#8221;on|desktop&#8221; admin_label=&#8221;Imagen&#8221; _builder_version=&#8221;4.18.0&#8243; width=&#8221;90%&#8221; custom_margin=&#8221;20px||||false|false&#8221; animation_style=&#8221;slide&#8221; animation_direction=&#8221;left&#8221; animation_duration=&#8221;500ms&#8221; animation_intensity_slide=&#8221;10%&#8221; border_style=&#8221;solid&#8221; sticky=&#8221;off&#8221; always_center_on_mobile=&#8221;on&#8221; saved_tabs=&#8221;all&#8221; global_colors_info=&#8221;{}&#8221;][\/et_pb_image][\/et_pb_column][et_pb_column type=&#8221;1_5&#8243; _builder_version=&#8221;4.16&#8243; custom_padding=&#8221;|||&#8221; global_colors_info=&#8221;{}&#8221; custom_padding__hover=&#8221;|||&#8221;][et_pb_image src=&#8221;https:\/\/opentrad.com\/wp-content\/uploads\/2022\/03\/opentrad_SIMBOLO-1.png&#8221; title_text=&#8221;opentrad_SIMBOLO (1)&#8221; align=&#8221;center&#8221; align_tablet=&#8221;center&#8221; align_phone=&#8221;center&#8221; align_last_edited=&#8221;on|desktop&#8221; admin_label=&#8221;Imagen&#8221; _builder_version=&#8221;4.18.0&#8243; animation_style=&#8221;slide&#8221; animation_direction=&#8221;left&#8221; animation_duration=&#8221;500ms&#8221; animation_intensity_slide=&#8221;10%&#8221; border_style=&#8221;solid&#8221; sticky=&#8221;off&#8221; always_center_on_mobile=&#8221;on&#8221; saved_tabs=&#8221;all&#8221; global_colors_info=&#8221;{}&#8221;][\/et_pb_image][\/et_pb_column][\/et_pb_row][et_pb_row column_structure=&#8221;2_3,1_3&#8243; admin_label=&#8221;row&#8221; _builder_version=&#8221;4.16&#8243; background_size=&#8221;initial&#8221; background_position=&#8221;top_left&#8221; background_repeat=&#8221;repeat&#8221; global_colors_info=&#8221;{}&#8221;][et_pb_column type=&#8221;2_3&#8243; _builder_version=&#8221;4.16&#8243; custom_padding=&#8221;|||&#8221; global_colors_info=&#8221;{}&#8221; custom_padding__hover=&#8221;|||&#8221;][et_pb_text admin_label=&#8221;Texto&#8221; _builder_version=&#8221;4.18.0&#8243; text_font_size=&#8221;12&#8243; text_line_height=&#8221;1.3em&#8221; border_style=&#8221;solid&#8221; saved_tabs=&#8221;all&#8221; global_colors_info=&#8221;{}&#8221;]\n<h4>Protecci\u00f3n de datos de car\u00e1cter persoal (RXPD 2016\/679 e LOPDGDD 3\/2018)<\/h4>\n<p><strong>RESPONSABLE<\/strong>: FACTOR\u00cdA DE SOFTWARE E MULTIMEDIA, S.L.;<\/p>\n<p><strong>FINALIDADE<\/strong>: Responder a solicitude ou consulta da persoa interesada e, no seu caso, enviarlle informaci\u00f3n relacionada con OPENTRAD, contando co seu consentimento;<\/p>\n<p><strong>DESTINATARIOS<\/strong>: Non se ceder\u00e1n datos a terceiros;<\/p>\n<p><strong>DEREITOS E INFORMACI\u00d3N ADICIONAL<\/strong>: Perm\u00edtese o exercicio dos dereitos de acceso, rectificaci\u00f3n ou supresi\u00f3n, entre outros. Toda a informaci\u00f3n at\u00f3pase accesible na nosa<a href=\"http:\/\/opentrad\/aviso-legal\/\" target=\"_blank\" rel=\"noopener\"> <u>Pol\u00edtica de Privacidade<\/u><\/a>.<\/p>\n[\/et_pb_text][\/et_pb_column][et_pb_column type=&#8221;1_3&#8243; _builder_version=&#8221;4.16&#8243; custom_padding=&#8221;|||&#8221; global_colors_info=&#8221;{}&#8221; custom_padding__hover=&#8221;|||&#8221;][et_pb_text admin_label=&#8221;Texto&#8221; _builder_version=&#8221;4.18.0&#8243; border_style=&#8221;solid&#8221; saved_tabs=&#8221;all&#8221; global_colors_info=&#8221;{}&#8221;]\n<h3>Datos de contacto<\/h3>\n<p><img src=\"\/wp-content\/uploads\/2022\/03\/logoXenericoTransp.png\" style=\"width: 150px; margin-bottom: 2px;\" \/><br \/><span id=\"telefono-contacto\">\u00a0981 554 068<\/span><br \/><span id=\"email-contacto\"><a href=\"mailto:comercial@opentrad.com\"> comercial@opentrad.com<\/a><\/span><\/p>\n[\/et_pb_text][\/et_pb_column][\/et_pb_row][\/et_pb_section][et_pb_section fb_built=&#8221;1&#8243; _builder_version=&#8221;4.16.1&#8243; background_color=&#8221;#222222&#8243; global_colors_info=&#8221;{}&#8221;][et_pb_row column_structure=&#8221;1_2,1_6,1_6,1_6&#8243; _builder_version=&#8221;4.16.1&#8243; background_size=&#8221;initial&#8221; background_position=&#8221;top_left&#8221; background_repeat=&#8221;repeat&#8221; custom_margin=&#8221;||||false|false&#8221; custom_padding=&#8221;||||false|false&#8221; global_colors_info=&#8221;{}&#8221;][et_pb_column type=&#8221;1_2&#8243; _builder_version=&#8221;4.16.1&#8243; _module_preset=&#8221;default&#8221; custom_padding=&#8221;|25%|||false|false&#8221; custom_padding_tablet=&#8221;|25%|||false|false&#8221; custom_padding_phone=&#8221;|25%|||false|false&#8221; custom_padding_last_edited=&#8221;on|desktop&#8221; custom_css_main_element=&#8221;||&#8221; global_colors_info=&#8221;{}&#8221;][et_pb_image src=&#8221;https:\/\/opentrad.com\/wp-content\/uploads\/2022\/04\/opentrad_LOGO-completo-W.svg&#8221; title_text=&#8221;opentrad_LOGO completo W&#8221; _builder_version=&#8221;4.16.1&#8243; _module_preset=&#8221;default&#8221; width=&#8221;100%&#8221; width_tablet=&#8221;51%&#8221; width_phone=&#8221;100%&#8221; width_last_edited=&#8221;on|tablet&#8221; max_width=&#8221;75%&#8221; global_colors_info=&#8221;{}&#8221;][\/et_pb_image][et_pb_text _builder_version=&#8221;4.16.1&#8243; _module_preset=&#8221;default&#8221; background_layout=&#8221;dark&#8221; global_colors_info=&#8221;{}&#8221;]\n<p>Opentrad \u00e9 a plataforma l\u00edder en servizos de traduci\u00f3n autom\u00e1tica en c\u00f3digo aberto.<\/p>\n[\/et_pb_text][et_pb_text _builder_version=&#8221;4.16.1&#8243; _module_preset=&#8221;default&#8221; text_text_color=&#8221;#FFFFFF&#8221; background_layout=&#8221;dark&#8221; custom_margin=&#8221;30px||||false|false&#8221; global_colors_info=&#8221;{}&#8221;]\n<p>Un produto<br \/><a href=\"https:\/\/imaxin.com\" target=\"_blank\" rel=\"noopener\"><img style=\"width: 150px; margin-bottom: 2px;\" src=\"\/wp-content\/uploads\/2022\/03\/logoXenericoBlancoTransp.png\" \/><\/a><\/p>\n[\/et_pb_text][\/et_pb_column][et_pb_column type=&#8221;1_6&#8243; _builder_version=&#8221;4.16.1&#8243; _module_preset=&#8221;default&#8221; global_colors_info=&#8221;{}&#8221;][et_pb_text _builder_version=&#8221;4.16.1&#8243; _module_preset=&#8221;default&#8221; background_layout=&#8221;dark&#8221; custom_margin=&#8221;50px||0px||false|false&#8221; custom_padding=&#8221;||0px||false|false&#8221; global_colors_info=&#8221;{}&#8221;]\n<h5><strong>Recursos<\/strong><\/h5>\n[\/et_pb_text][et_pb_menu menu_id=&#8221;58&#8243; active_link_color=&#8221;#FFFFFF&#8221; dropdown_menu_bg_color=&#8221;RGBA(255,255,255,0)&#8221; dropdown_menu_text_color=&#8221;#FFFFFF&#8221; dropdown_menu_active_link_color=&#8221;#FFFFFF&#8221; mobile_menu_text_color=&#8221;#FFFFFF&#8221; module_class=&#8221;vertical-menu lwp-hide-mobile-menu &#8221; _builder_version=&#8221;4.16.1&#8243; _module_preset=&#8221;default&#8221; menu_text_color=&#8221;#FFFFFF&#8221; background_enable_color=&#8221;off&#8221; background_layout=&#8221;dark&#8221; custom_margin=&#8221;||||false|false&#8221; custom_padding=&#8221;||||false|false&#8221; border_color_left=&#8221;#FFFFFF&#8221; global_colors_info=&#8221;{}&#8221;][\/et_pb_menu][\/et_pb_column][et_pb_column type=&#8221;1_6&#8243; _builder_version=&#8221;4.16.1&#8243; _module_preset=&#8221;default&#8221; global_colors_info=&#8221;{}&#8221;][et_pb_text _builder_version=&#8221;4.16.1&#8243; _module_preset=&#8221;default&#8221; background_layout=&#8221;dark&#8221; custom_margin=&#8221;50px||0px||false|false&#8221; custom_padding=&#8221;||0px||false|false&#8221; global_colors_info=&#8221;{}&#8221;]\n<h5><strong>Produtos<\/strong><\/h5>\n[\/et_pb_text][et_pb_menu menu_id=&#8221;59&#8243; active_link_color=&#8221;#FFFFFF&#8221; dropdown_menu_bg_color=&#8221;RGBA(255,255,255,0)&#8221; dropdown_menu_text_color=&#8221;#FFFFFF&#8221; dropdown_menu_active_link_color=&#8221;#FFFFFF&#8221; mobile_menu_text_color=&#8221;#FFFFFF&#8221; module_class=&#8221;vertical-menu lwp-hide-mobile-menu &#8221; _builder_version=&#8221;4.16.1&#8243; _module_preset=&#8221;default&#8221; menu_text_color=&#8221;#FFFFFF&#8221; background_enable_color=&#8221;off&#8221; background_layout=&#8221;dark&#8221; module_alignment=&#8221;left&#8221; custom_margin=&#8221;|0px||0px|false|false&#8221; custom_padding=&#8221;|0px||0px|false|false&#8221; text_orientation_last_edited=&#8221;off|desktop&#8221; border_color_left=&#8221;#FFFFFF&#8221; global_colors_info=&#8221;{}&#8221;][\/et_pb_menu][\/et_pb_column][et_pb_column type=&#8221;1_6&#8243; _builder_version=&#8221;4.16.1&#8243; _module_preset=&#8221;default&#8221; global_colors_info=&#8221;{}&#8221;][et_pb_text _builder_version=&#8221;4.18.0&#8243; _module_preset=&#8221;default&#8221; background_layout=&#8221;dark&#8221; custom_margin=&#8221;50px||0px||false|false&#8221; custom_padding=&#8221;||0px||false|false&#8221; global_colors_info=&#8221;{}&#8221;]\n<h5><strong>S\u00edguenos en<\/strong><\/h5>\n[\/et_pb_text][et_pb_social_media_follow icon_color=&#8221;#000000&#8243; icon_color_tablet=&#8221;&#8221; icon_color_phone=&#8221;&#8221; icon_color_last_edited=&#8221;on|phone&#8221; _builder_version=&#8221;4.16.1&#8243; _module_preset=&#8221;default&#8221; background_enable_color=&#8221;off&#8221; text_orientation=&#8221;left&#8221; custom_margin=&#8221;10px||||false|false&#8221; global_colors_info=&#8221;{}&#8221;][et_pb_social_media_follow_network social_network=&#8221;twitter&#8221; url=&#8221;https:\/\/twitter.com\/opentrad_com&#8221; _builder_version=&#8221;4.16.1&#8243; _module_preset=&#8221;default&#8221; background_color=&#8221;#FFFFFF&#8221; background_enable_color=&#8221;on&#8221; global_colors_info=&#8221;{}&#8221; follow_button=&#8221;off&#8221; url_new_window=&#8221;on&#8221;]twitter[\/et_pb_social_media_follow_network][et_pb_social_media_follow_network social_network=&#8221;linkedin&#8221; url=&#8221;https:\/\/www.linkedin.com\/company\/imaxin-software&#8221; _builder_version=&#8221;4.16.1&#8243; _module_preset=&#8221;default&#8221; background_color=&#8221;#FFFFFF&#8221; background_enable_color=&#8221;on&#8221; global_colors_info=&#8221;{}&#8221; follow_button=&#8221;off&#8221; url_new_window=&#8221;on&#8221;]linkedin[\/et_pb_social_media_follow_network][\/et_pb_social_media_follow][\/et_pb_column][\/et_pb_row][\/et_pb_section]\n","protected":false},"excerpt":{"rendered":"<p>Formulario de alta de Opentrad &#8211; PuntoGalTradutor de balde de PuntoGal e Opentrad S\u00f3 por ter unha web cun dominio PuntoGal feita en Wordpress podes ter un servizo de traduci\u00f3n de balde entre o galego e castel\u00e1n. \u00c9 moi doado: s\u00f3 tes que dar de alta a t\u00faa web e recibir\u00e1s as ligaz\u00f3ns e o [&hellip;]<\/p>\n","protected":false},"author":4,"featured_media":0,"parent":0,"menu_order":0,"comment_status":"closed","ping_status":"closed","template":"","meta":{"_et_pb_use_builder":"on","_et_pb_old_content":"","_et_gb_content_width":""},"yoast_head":"<!-- This site is optimized with the Yoast SEO plugin v20.1 - https:\/\/yoast.com\/wordpress\/plugins\/seo\/ -->\n<title>Rexistro Opentrad-PuntoGal - Opentrad<\/title>\n<meta name=\"robots\" content=\"noindex, nofollow\" \/>\n<meta property=\"og:locale\" content=\"gl_ES\" \/>\n<meta property=\"og:type\" content=\"article\" \/>\n<meta property=\"og:title\" content=\"Rexistro Opentrad-PuntoGal - Opentrad\" \/>\n<meta property=\"og:description\" content=\"Formulario de alta de Opentrad - PuntoGalTradutor de balde de PuntoGal e Opentrad S\u00f3 por ter unha web cun dominio PuntoGal feita en Wordpress podes ter un servizo de traduci\u00f3n de balde entre o galego e castel\u00e1n. \u00c9 moi doado: s\u00f3 tes que dar de alta a t\u00faa web e recibir\u00e1s as ligaz\u00f3ns e o [&hellip;]\" \/>\n<meta property=\"og:url\" content=\"https:\/\/opentrad.com\/gl\/opentrad-puntogal\/\" \/>\n<meta property=\"og:site_name\" content=\"Opentrad\" \/>\n<meta property=\"article:modified_time\" content=\"2023-06-01T07:49:08+00:00\" \/>\n<meta name=\"twitter:card\" content=\"summary_large_image\" \/>\n<meta name=\"twitter:label1\" content=\"Tempo de lectura\" \/>\n\t<meta name=\"twitter:data1\" content=\"3 minutos\" \/>\n<script type=\"application\/ld+json\" class=\"yoast-schema-graph\">{\"@context\":\"https:\/\/schema.org\",\"@graph\":[{\"@type\":\"WebPage\",\"@id\":\"https:\/\/opentrad.com\/gl\/opentrad-puntogal\/\",\"url\":\"https:\/\/opentrad.com\/gl\/opentrad-puntogal\/\",\"name\":\"Rexistro Opentrad-PuntoGal - Opentrad\",\"isPartOf\":{\"@id\":\"https:\/\/opentrad.com\/#website\"},\"datePublished\":\"2017-06-06T11:39:16+00:00\",\"dateModified\":\"2023-06-01T07:49:08+00:00\",\"breadcrumb\":{\"@id\":\"https:\/\/opentrad.com\/gl\/opentrad-puntogal\/#breadcrumb\"},\"inLanguage\":\"gl-ES\",\"potentialAction\":[{\"@type\":\"ReadAction\",\"target\":[\"https:\/\/opentrad.com\/gl\/opentrad-puntogal\/\"]}]},{\"@type\":\"BreadcrumbList\",\"@id\":\"https:\/\/opentrad.com\/gl\/opentrad-puntogal\/#breadcrumb\",\"itemListElement\":[{\"@type\":\"ListItem\",\"position\":1,\"name\":\"Portada\",\"item\":\"https:\/\/opentrad.com\/\"},{\"@type\":\"ListItem\",\"position\":2,\"name\":\"Rexistro Opentrad-PuntoGal\"}]},{\"@type\":\"WebSite\",\"@id\":\"https:\/\/opentrad.com\/#website\",\"url\":\"https:\/\/opentrad.com\/\",\"name\":\"Opentrad\",\"description\":\"Traductor autom\u00e1tico que traduce tus documentos manteniendo el formato\",\"potentialAction\":[{\"@type\":\"SearchAction\",\"target\":{\"@type\":\"EntryPoint\",\"urlTemplate\":\"https:\/\/opentrad.com\/?s={search_term_string}\"},\"query-input\":\"required name=search_term_string\"}],\"inLanguage\":\"gl-ES\"}]}<\/script>\n<!-- \/ Yoast SEO plugin. -->","yoast_head_json":{"title":"Rexistro Opentrad-PuntoGal - Opentrad","robots":{"index":"noindex","follow":"nofollow"},"og_locale":"gl_ES","og_type":"article","og_title":"Rexistro Opentrad-PuntoGal - Opentrad","og_description":"Formulario de alta de Opentrad - PuntoGalTradutor de balde de PuntoGal e Opentrad S\u00f3 por ter unha web cun dominio PuntoGal feita en Wordpress podes ter un servizo de traduci\u00f3n de balde entre o galego e castel\u00e1n. \u00c9 moi doado: s\u00f3 tes que dar de alta a t\u00faa web e recibir\u00e1s as ligaz\u00f3ns e o [&hellip;]","og_url":"https:\/\/opentrad.com\/gl\/opentrad-puntogal\/","og_site_name":"Opentrad","article_modified_time":"2023-06-01T07:49:08+00:00","twitter_card":"summary_large_image","twitter_misc":{"Tempo de lectura":"3 minutos"},"schema":{"@context":"https:\/\/schema.org","@graph":[{"@type":"WebPage","@id":"https:\/\/opentrad.com\/gl\/opentrad-puntogal\/","url":"https:\/\/opentrad.com\/gl\/opentrad-puntogal\/","name":"Rexistro Opentrad-PuntoGal - Opentrad","isPartOf":{"@id":"https:\/\/opentrad.com\/#website"},"datePublished":"2017-06-06T11:39:16+00:00","dateModified":"2023-06-01T07:49:08+00:00","breadcrumb":{"@id":"https:\/\/opentrad.com\/gl\/opentrad-puntogal\/#breadcrumb"},"inLanguage":"gl-ES","potentialAction":[{"@type":"ReadAction","target":["https:\/\/opentrad.com\/gl\/opentrad-puntogal\/"]}]},{"@type":"BreadcrumbList","@id":"https:\/\/opentrad.com\/gl\/opentrad-puntogal\/#breadcrumb","itemListElement":[{"@type":"ListItem","position":1,"name":"Portada","item":"https:\/\/opentrad.com\/"},{"@type":"ListItem","position":2,"name":"Rexistro Opentrad-PuntoGal"}]},{"@type":"WebSite","@id":"https:\/\/opentrad.com\/#website","url":"https:\/\/opentrad.com\/","name":"Opentrad","description":"Traductor autom\u00e1tico que traduce tus documentos manteniendo el formato","potentialAction":[{"@type":"SearchAction","target":{"@type":"EntryPoint","urlTemplate":"https:\/\/opentrad.com\/?s={search_term_string}"},"query-input":"required name=search_term_string"}],"inLanguage":"gl-ES"}]}},"_links":{"self":[{"href":"https:\/\/opentrad.com\/gl\/wp-json\/wp\/v2\/pages\/2178"}],"collection":[{"href":"https:\/\/opentrad.com\/gl\/wp-json\/wp\/v2\/pages"}],"about":[{"href":"https:\/\/opentrad.com\/gl\/wp-json\/wp\/v2\/types\/page"}],"author":[{"embeddable":true,"href":"https:\/\/opentrad.com\/gl\/wp-json\/wp\/v2\/users\/4"}],"replies":[{"embeddable":true,"href":"https:\/\/opentrad.com\/gl\/wp-json\/wp\/v2\/comments?post=2178"}],"version-history":[{"count":11,"href":"https:\/\/opentrad.com\/gl\/wp-json\/wp\/v2\/pages\/2178\/revisions"}],"predecessor-version":[{"id":2868,"href":"https:\/\/opentrad.com\/gl\/wp-json\/wp\/v2\/pages\/2178\/revisions\/2868"}],"wp:attachment":[{"href":"https:\/\/opentrad.com\/gl\/wp-json\/wp\/v2\/media?parent=2178"}],"curies":[{"name":"wp","href":"https:\/\/api.w.org\/{rel}","templated":true}]}}