{"id":2182,"date":"2017-06-06T11:33:33","date_gmt":"2017-06-06T11:33:33","guid":{"rendered":"https:\/\/opentrad.com\/contacto\/"},"modified":"2023-05-30T09:42:31","modified_gmt":"2023-05-30T09:42:31","slug":"contacto","status":"publish","type":"page","link":"https:\/\/opentrad.com\/gl\/contacto\/","title":{"rendered":"Contacto"},"content":{"rendered":"[et_pb_section fb_built=&#8221;1&#8243; admin_label=&#8221;Secci\u00f3n&#8221; _builder_version=&#8221;4.16&#8243; background_image=&#8221;https:\/\/opentrad.com\/wp-content\/uploads\/2017\/06\/fondo-contacto.jpg&#8221; global_colors_info=&#8221;{}&#8221;][et_pb_row admin_label=&#8221;Fila&#8221; _builder_version=&#8221;4.16&#8243; background_size=&#8221;initial&#8221; background_position=&#8221;top_left&#8221; background_repeat=&#8221;repeat&#8221; global_colors_info=&#8221;{}&#8221;][et_pb_column type=&#8221;4_4&#8243; _builder_version=&#8221;4.16&#8243; custom_padding=&#8221;|||&#8221; global_colors_info=&#8221;{}&#8221; custom_padding__hover=&#8221;|||&#8221;][et_pb_text admin_label=&#8221;Texto&#8221; _builder_version=&#8221;4.16&#8243; global_colors_info=&#8221;{}&#8221;]\n<h1 style=\"text-align: center;\">Contacta con Opentrad<\/h1>\n[\/et_pb_text][\/et_pb_column][\/et_pb_row][\/et_pb_section][et_pb_section fb_built=&#8221;1&#8243; admin_label=&#8221;section&#8221; _builder_version=&#8221;4.16&#8243; global_colors_info=&#8221;{}&#8221;][et_pb_row column_structure=&#8221;2_3,1_3&#8243; admin_label=&#8221;row&#8221; _builder_version=&#8221;4.16&#8243; background_size=&#8221;initial&#8221; background_position=&#8221;top_left&#8221; background_repeat=&#8221;repeat&#8221; global_colors_info=&#8221;{}&#8221;][et_pb_column type=&#8221;2_3&#8243; _builder_version=&#8221;4.16&#8243; custom_padding=&#8221;|||&#8221; global_colors_info=&#8221;{}&#8221; custom_padding__hover=&#8221;|||&#8221;][et_pb_contact_form use_spam_service=&#8221;on&#8221; recaptcha_list=&#8221;opentradcom-0&#8243; email=&#8221;comercial@opentrad.com&#8221; title=&#8221;Formulario de contacto&#8221; success_message=&#8221;Moitas grazas por contactar. En breve contactaremos con Vde.&#8221; submit_button_text=&#8221;Contactar&#8221; admin_label=&#8221;Formulario de contacto&#8221; module_id=&#8221;et_pb_contact_form_0&#8243; _builder_version=&#8221;4.18.0&#8243; _unique_id=&#8221;e1a44ff3-5024-4d44-b13a-f279b69b3506&#8243; custom_button=&#8221;on&#8221; button_text_color=&#8221;#ffffff&#8221; button_bg_color=&#8221;#f94a17&#8243; button_border_width=&#8221;0&#8243; button_border_radius=&#8221;30&#8243; button_font=&#8221;|on||on|&#8221; button_use_icon=&#8221;off&#8221; saved_tabs=&#8221;all&#8221; global_colors_info=&#8221;{}&#8221;][et_pb_contact_field field_id=&#8221;Nombre&#8221; field_title=&#8221;Nome&#8221; _builder_version=&#8221;4.16.1&#8243; form_field_font=&#8221;||||&#8221; use_border_color=&#8221;off&#8221; global_colors_info=&#8221;{}&#8221;][\/et_pb_contact_field][et_pb_contact_field field_id=&#8221;Apellidos&#8221; field_title=&#8221;Apelidos&#8221; _builder_version=&#8221;4.16&#8243; form_field_font=&#8221;||||&#8221; use_border_color=&#8221;off&#8221; global_colors_info=&#8221;{}&#8221;][\/et_pb_contact_field][et_pb_contact_field field_id=&#8221;Email_formulario&#8221; field_title=&#8221;Direcci\u00f3n de correo electr\u00f3nico&#8221; _builder_version=&#8221;4.16.1&#8243; form_field_font=&#8221;||||&#8221; use_border_color=&#8221;off&#8221; global_colors_info=&#8221;{}&#8221;][\/et_pb_contact_field][et_pb_contact_field field_id=&#8221;Telefono&#8221; field_title=&#8221;Tel\u00e9fono de contacto&#8221; _builder_version=&#8221;4.16&#8243; form_field_font=&#8221;||||&#8221; use_border_color=&#8221;off&#8221; global_colors_info=&#8221;{}&#8221;][\/et_pb_contact_field][et_pb_contact_field field_id=&#8221;Empresa&#8221; field_title=&#8221;Empresa&#8221; required_mark=&#8221;off&#8221; _builder_version=&#8221;4.16&#8243; form_field_font=&#8221;||||&#8221; use_border_color=&#8221;off&#8221; global_colors_info=&#8221;{}&#8221;][\/et_pb_contact_field][et_pb_contact_field field_id=&#8221;Cargo&#8221; field_title=&#8221;Cargo&#8221; required_mark=&#8221;off&#8221; _builder_version=&#8221;4.16&#8243; form_field_font=&#8221;||||&#8221; use_border_color=&#8221;off&#8221; global_colors_info=&#8221;{}&#8221;][\/et_pb_contact_field][et_pb_contact_field field_id=&#8221;Motivo&#8221; field_title=&#8221;Motivo&#8221; field_type=&#8221;select&#8221; select_options=&#8221;%91{%22value%22:%22Suxesti\u00f3ns%22,%22checked%22:0,%22dragID%22:-1},{%22value%22:%22Incidencias%22,%22checked%22:0,%22dragID%22:0},{%22value%22:%22Contrataci\u00f3n de servizos profesionais%22,%22checked%22:0,%22dragID%22:1},{%22value%22:%22Programa Partner%22,%22checked%22:0,%22dragID%22:2},{%22value%22:%22Opentrad-PuntoGal%22,%22checked%22:0,%22dragID%22:4},{%22value%22:%22Outros%22,%22checked%22:0,%22dragID%22:3}%93&#8243; fullwidth_field=&#8221;on&#8221; _builder_version=&#8221;4.18.0&#8243; form_field_font=&#8221;||||&#8221; use_border_color=&#8221;off&#8221; global_colors_info=&#8221;{}&#8221;][\/et_pb_contact_field][et_pb_contact_field field_id=&#8221;Comentarios&#8221; field_title=&#8221;Comentarios&#8221; field_type=&#8221;text&#8221; required_mark=&#8221;off&#8221; fullwidth_field=&#8221;on&#8221; _builder_version=&#8221;4.16&#8243; form_field_font=&#8221;||||&#8221; use_border_color=&#8221;off&#8221; global_colors_info=&#8221;{}&#8221;][\/et_pb_contact_field][et_pb_contact_field field_id=&#8221;Pol\u00edticas&#8221; field_title=&#8221;Pol\u00edtica de Privacidade&#8221; field_type=&#8221;checkbox&#8221; checkbox_options=&#8221;%91{%22value%22:%22 Lin, comprend\u00edn e acepto a%22,%22checked%22:0,%22dragID%22:-1,%22link_url%22:%22\/aviso-legal\/%22,%22link_text%22:%22Pol\u00edtica de Privacidade%22}%93&#8243; _builder_version=&#8221;4.16.1&#8243; form_field_font=&#8221;||||&#8221; text_orientation=&#8221;left&#8221; use_border_color=&#8221;off&#8221; global_colors_info=&#8221;{}&#8221;][\/et_pb_contact_field][\/et_pb_contact_form][et_pb_text admin_label=&#8221;Texto&#8221; _builder_version=&#8221;4.16.1&#8243; text_font_size=&#8221;12&#8243; text_line_height=&#8221;1.3em&#8221; saved_tabs=&#8221;all&#8221; global_colors_info=&#8221;{}&#8221;]\n<h4>Protecci\u00f3n de datos de car\u00e1cter persoal (RXPD 2016\/679 e LOPDGDD 3\/2018)<\/h4>\n<p><strong>RESPONSABLE<\/strong>: FACTOR\u00cdA DE SOFTWARE E MULTIMEDIA, S.L.;<\/p>\n<p><strong>FINALIDADE<\/strong>: Responder a solicitude ou consulta da persoa interesada e, no seu caso, enviarlle informaci\u00f3n relacionada con OPENTRAD, contando co seu consentimento;<\/p>\n<p><strong>DESTINATARIOS<\/strong>: Non se ceder\u00e1n datos a terceiros;<\/p>\n<p><strong>DEREITOS E INFORMACI\u00d3N ADICIONAL<\/strong>: Perm\u00edtese o exercicio dos dereitos de acceso, rectificaci\u00f3n ou supresi\u00f3n, entre outros. Toda a informaci\u00f3n at\u00f3pase accesible na nosa<a href=\"https:\/\/opentrad.com\/gl\/aviso-legal-e-politica-de-privacidade\/\" target=\"_blank\" rel=\"noopener\"> <u>Pol\u00edtica de Privacidade<\/u><\/a>.<\/p>\n[\/et_pb_text][\/et_pb_column][et_pb_column type=&#8221;1_3&#8243; _builder_version=&#8221;4.16&#8243; custom_padding=&#8221;|||&#8221; global_colors_info=&#8221;{}&#8221; custom_padding__hover=&#8221;|||&#8221;][et_pb_image src=&#8221;https:\/\/opentrad.com\/wp-content\/uploads\/2017\/06\/naranjito.png&#8221; title_text=&#8221;naranjito&#8221; align=&#8221;center&#8221; align_tablet=&#8221;center&#8221; align_phone=&#8221;center&#8221; align_last_edited=&#8221;on|desktop&#8221; admin_label=&#8221;Imagen&#8221; _builder_version=&#8221;4.16.1&#8243; saved_tabs=&#8221;all&#8221; global_colors_info=&#8221;{}&#8221;][\/et_pb_image][et_pb_text admin_label=&#8221;Texto&#8221; _builder_version=&#8221;4.16&#8243; hover_enabled=&#8221;0&#8243; saved_tabs=&#8221;all&#8221; global_colors_info=&#8221;{}&#8221; sticky_enabled=&#8221;0&#8243;]\n<h3>Datos de contacto<\/h3>\n<p><img src=\"\/wp-content\/uploads\/2022\/03\/logoXenericoTransp.png\" style=\"width: 150px; margin-bottom: 2px;\" \/><br \/><span id=\"telefono-contacto\">\u00a0981 554 068<\/span><br \/><span id=\"email-contacto\"><a href=\"mailto:comercial@opentrad.com\"> comercial@opentrad.com<\/a><\/span><\/p>\n[\/et_pb_text][\/et_pb_column][\/et_pb_row][\/et_pb_section][et_pb_section fb_built=&#8221;1&#8243; _builder_version=&#8221;4.16.1&#8243; background_color=&#8221;#222222&#8243; global_colors_info=&#8221;{}&#8221;][et_pb_row column_structure=&#8221;1_2,1_6,1_6,1_6&#8243; _builder_version=&#8221;4.16.1&#8243; background_size=&#8221;initial&#8221; background_position=&#8221;top_left&#8221; background_repeat=&#8221;repeat&#8221; custom_margin=&#8221;||||false|false&#8221; custom_padding=&#8221;||||false|false&#8221; global_colors_info=&#8221;{}&#8221;][et_pb_column type=&#8221;1_2&#8243; _builder_version=&#8221;4.16.1&#8243; _module_preset=&#8221;default&#8221; custom_padding=&#8221;|25%|||false|false&#8221; custom_padding_tablet=&#8221;|25%|||false|false&#8221; custom_padding_phone=&#8221;|25%|||false|false&#8221; custom_padding_last_edited=&#8221;on|desktop&#8221; custom_css_main_element=&#8221;||&#8221; global_colors_info=&#8221;{}&#8221;][et_pb_image src=&#8221;https:\/\/opentrad.com\/wp-content\/uploads\/2022\/04\/opentrad_LOGO-completo-W.svg&#8221; title_text=&#8221;opentrad_LOGO completo W&#8221; _builder_version=&#8221;4.16.1&#8243; _module_preset=&#8221;default&#8221; width=&#8221;100%&#8221; width_tablet=&#8221;51%&#8221; width_phone=&#8221;100%&#8221; width_last_edited=&#8221;on|tablet&#8221; max_width=&#8221;75%&#8221; global_colors_info=&#8221;{}&#8221;][\/et_pb_image][et_pb_text _builder_version=&#8221;4.16.1&#8243; _module_preset=&#8221;default&#8221; background_layout=&#8221;dark&#8221; global_colors_info=&#8221;{}&#8221;]\n<p>Opentrad \u00e9 a plataforma l\u00edder en servizos de traduci\u00f3n autom\u00e1tica en c\u00f3digo aberto.<\/p>\n[\/et_pb_text][et_pb_text _builder_version=&#8221;4.16.1&#8243; _module_preset=&#8221;default&#8221; text_text_color=&#8221;#FFFFFF&#8221; background_layout=&#8221;dark&#8221; custom_margin=&#8221;30px||||false|false&#8221; global_colors_info=&#8221;{}&#8221;]\n<p>Un produto<br \/><a href=\"https:\/\/imaxin.com\" target=\"_blank\" rel=\"noopener\"><img style=\"width: 150px; margin-bottom: 2px;\" src=\"\/wp-content\/uploads\/2022\/03\/logoXenericoBlancoTransp.png\" \/><\/a><\/p>\n[\/et_pb_text][\/et_pb_column][et_pb_column type=&#8221;1_6&#8243; _builder_version=&#8221;4.16.1&#8243; _module_preset=&#8221;default&#8221; global_colors_info=&#8221;{}&#8221;][et_pb_text _builder_version=&#8221;4.16.1&#8243; _module_preset=&#8221;default&#8221; background_layout=&#8221;dark&#8221; custom_margin=&#8221;50px||0px||false|false&#8221; custom_padding=&#8221;||0px||false|false&#8221; global_colors_info=&#8221;{}&#8221;]\n<h5><strong>Recursos<\/strong><\/h5>\n[\/et_pb_text][et_pb_menu menu_id=&#8221;58&#8243; active_link_color=&#8221;#FFFFFF&#8221; dropdown_menu_bg_color=&#8221;RGBA(255,255,255,0)&#8221; dropdown_menu_text_color=&#8221;#FFFFFF&#8221; dropdown_menu_active_link_color=&#8221;#FFFFFF&#8221; mobile_menu_text_color=&#8221;#FFFFFF&#8221; module_class=&#8221;vertical-menu lwp-hide-mobile-menu &#8221; _builder_version=&#8221;4.16.1&#8243; _module_preset=&#8221;default&#8221; menu_text_color=&#8221;#FFFFFF&#8221; background_enable_color=&#8221;off&#8221; background_layout=&#8221;dark&#8221; custom_margin=&#8221;||||false|false&#8221; custom_padding=&#8221;||||false|false&#8221; border_color_left=&#8221;#FFFFFF&#8221; global_colors_info=&#8221;{}&#8221;][\/et_pb_menu][\/et_pb_column][et_pb_column type=&#8221;1_6&#8243; _builder_version=&#8221;4.16.1&#8243; _module_preset=&#8221;default&#8221; global_colors_info=&#8221;{}&#8221;][et_pb_text _builder_version=&#8221;4.16.1&#8243; _module_preset=&#8221;default&#8221; background_layout=&#8221;dark&#8221; custom_margin=&#8221;50px||0px||false|false&#8221; custom_padding=&#8221;||0px||false|false&#8221; global_colors_info=&#8221;{}&#8221;]\n<h5><strong>Produtos<\/strong><\/h5>\n[\/et_pb_text][et_pb_menu menu_id=&#8221;59&#8243; active_link_color=&#8221;#FFFFFF&#8221; dropdown_menu_bg_color=&#8221;RGBA(255,255,255,0)&#8221; dropdown_menu_text_color=&#8221;#FFFFFF&#8221; dropdown_menu_active_link_color=&#8221;#FFFFFF&#8221; mobile_menu_text_color=&#8221;#FFFFFF&#8221; module_class=&#8221;vertical-menu lwp-hide-mobile-menu &#8221; _builder_version=&#8221;4.16.1&#8243; _module_preset=&#8221;default&#8221; menu_text_color=&#8221;#FFFFFF&#8221; background_enable_color=&#8221;off&#8221; background_layout=&#8221;dark&#8221; module_alignment=&#8221;left&#8221; custom_margin=&#8221;|0px||0px|false|false&#8221; custom_padding=&#8221;|0px||0px|false|false&#8221; text_orientation_last_edited=&#8221;off|desktop&#8221; border_color_left=&#8221;#FFFFFF&#8221; global_colors_info=&#8221;{}&#8221;][\/et_pb_menu][\/et_pb_column][et_pb_column type=&#8221;1_6&#8243; _builder_version=&#8221;4.16.1&#8243; _module_preset=&#8221;default&#8221; global_colors_info=&#8221;{}&#8221;][et_pb_text _builder_version=&#8221;4.18.0&#8243; _module_preset=&#8221;default&#8221; background_layout=&#8221;dark&#8221; custom_margin=&#8221;50px||0px||false|false&#8221; custom_padding=&#8221;||0px||false|false&#8221; global_colors_info=&#8221;{}&#8221;]\n<h5><strong>S\u00edguenos en<\/strong><\/h5>\n[\/et_pb_text][et_pb_social_media_follow icon_color=&#8221;#000000&#8243; icon_color_tablet=&#8221;&#8221; icon_color_phone=&#8221;&#8221; icon_color_last_edited=&#8221;on|phone&#8221; _builder_version=&#8221;4.16.1&#8243; _module_preset=&#8221;default&#8221; background_enable_color=&#8221;off&#8221; text_orientation=&#8221;left&#8221; custom_margin=&#8221;10px||||false|false&#8221; global_colors_info=&#8221;{}&#8221;][et_pb_social_media_follow_network social_network=&#8221;twitter&#8221; url=&#8221;https:\/\/twitter.com\/opentrad_com&#8221; _builder_version=&#8221;4.16.1&#8243; _module_preset=&#8221;default&#8221; background_color=&#8221;#FFFFFF&#8221; background_enable_color=&#8221;on&#8221; global_colors_info=&#8221;{}&#8221; follow_button=&#8221;off&#8221; url_new_window=&#8221;on&#8221;]twitter[\/et_pb_social_media_follow_network][et_pb_social_media_follow_network social_network=&#8221;linkedin&#8221; url=&#8221;https:\/\/www.linkedin.com\/company\/imaxin-software&#8221; _builder_version=&#8221;4.16.1&#8243; _module_preset=&#8221;default&#8221; background_color=&#8221;#FFFFFF&#8221; background_enable_color=&#8221;on&#8221; global_colors_info=&#8221;{}&#8221; follow_button=&#8221;off&#8221; url_new_window=&#8221;on&#8221;]linkedin[\/et_pb_social_media_follow_network][\/et_pb_social_media_follow][\/et_pb_column][\/et_pb_row][\/et_pb_section]\n","protected":false},"excerpt":{"rendered":"<p>Contacta con Opentrad Protecci\u00f3n de datos de car\u00e1cter persoal (RXPD 2016\/679 e LOPDGDD 3\/2018) RESPONSABLE: FACTOR\u00cdA DE SOFTWARE E MULTIMEDIA, S.L.; FINALIDADE: Responder a solicitude ou consulta da persoa interesada e, no seu caso, enviarlle informaci\u00f3n relacionada con OPENTRAD, contando co seu consentimento; DESTINATARIOS: Non se ceder\u00e1n datos a terceiros; DEREITOS E INFORMACI\u00d3N ADICIONAL: Perm\u00edtese [&hellip;]<\/p>\n","protected":false},"author":4,"featured_media":0,"parent":0,"menu_order":0,"comment_status":"closed","ping_status":"closed","template":"","meta":{"_et_pb_use_builder":"on","_et_pb_old_content":"","_et_gb_content_width":""},"yoast_head":"<!-- This site is optimized with the Yoast SEO plugin v20.1 - https:\/\/yoast.com\/wordpress\/plugins\/seo\/ -->\n<title>Contacto - Opentrad<\/title>\n<meta name=\"robots\" content=\"index, follow, max-snippet:-1, max-image-preview:large, max-video-preview:-1\" \/>\n<link rel=\"canonical\" href=\"https:\/\/opentrad.com\/gl\/contacto\/\" \/>\n<meta property=\"og:locale\" content=\"gl_ES\" \/>\n<meta property=\"og:type\" content=\"article\" \/>\n<meta property=\"og:title\" content=\"Contacto - Opentrad\" \/>\n<meta property=\"og:description\" content=\"Contacta con Opentrad Protecci\u00f3n de datos de car\u00e1cter persoal (RXPD 2016\/679 e LOPDGDD 3\/2018) RESPONSABLE: FACTOR\u00cdA DE SOFTWARE E MULTIMEDIA, S.L.; FINALIDADE: Responder a solicitude ou consulta da persoa interesada e, no seu caso, enviarlle informaci\u00f3n relacionada con OPENTRAD, contando co seu consentimento; DESTINATARIOS: Non se ceder\u00e1n datos a terceiros; DEREITOS E INFORMACI\u00d3N ADICIONAL: Perm\u00edtese [&hellip;]\" \/>\n<meta property=\"og:url\" content=\"https:\/\/opentrad.com\/gl\/contacto\/\" \/>\n<meta property=\"og:site_name\" content=\"Opentrad\" \/>\n<meta property=\"article:modified_time\" content=\"2023-05-30T09:42:31+00:00\" \/>\n<meta name=\"twitter:card\" content=\"summary_large_image\" \/>\n<meta name=\"twitter:label1\" content=\"Tempo de lectura\" \/>\n\t<meta name=\"twitter:data1\" content=\"3 minutos\" \/>\n<script type=\"application\/ld+json\" class=\"yoast-schema-graph\">{\"@context\":\"https:\/\/schema.org\",\"@graph\":[{\"@type\":\"WebPage\",\"@id\":\"https:\/\/opentrad.com\/gl\/contacto\/\",\"url\":\"https:\/\/opentrad.com\/gl\/contacto\/\",\"name\":\"Contacto - Opentrad\",\"isPartOf\":{\"@id\":\"https:\/\/opentrad.com\/#website\"},\"datePublished\":\"2017-06-06T11:33:33+00:00\",\"dateModified\":\"2023-05-30T09:42:31+00:00\",\"breadcrumb\":{\"@id\":\"https:\/\/opentrad.com\/gl\/contacto\/#breadcrumb\"},\"inLanguage\":\"gl-ES\",\"potentialAction\":[{\"@type\":\"ReadAction\",\"target\":[\"https:\/\/opentrad.com\/gl\/contacto\/\"]}]},{\"@type\":\"BreadcrumbList\",\"@id\":\"https:\/\/opentrad.com\/gl\/contacto\/#breadcrumb\",\"itemListElement\":[{\"@type\":\"ListItem\",\"position\":1,\"name\":\"Portada\",\"item\":\"https:\/\/opentrad.com\/\"},{\"@type\":\"ListItem\",\"position\":2,\"name\":\"Contacto\"}]},{\"@type\":\"WebSite\",\"@id\":\"https:\/\/opentrad.com\/#website\",\"url\":\"https:\/\/opentrad.com\/\",\"name\":\"Opentrad\",\"description\":\"Traductor autom\u00e1tico que traduce tus documentos manteniendo el formato\",\"potentialAction\":[{\"@type\":\"SearchAction\",\"target\":{\"@type\":\"EntryPoint\",\"urlTemplate\":\"https:\/\/opentrad.com\/?s={search_term_string}\"},\"query-input\":\"required name=search_term_string\"}],\"inLanguage\":\"gl-ES\"}]}<\/script>\n<!-- \/ Yoast SEO plugin. -->","yoast_head_json":{"title":"Contacto - Opentrad","robots":{"index":"index","follow":"follow","max-snippet":"max-snippet:-1","max-image-preview":"max-image-preview:large","max-video-preview":"max-video-preview:-1"},"canonical":"https:\/\/opentrad.com\/gl\/contacto\/","og_locale":"gl_ES","og_type":"article","og_title":"Contacto - Opentrad","og_description":"Contacta con Opentrad Protecci\u00f3n de datos de car\u00e1cter persoal (RXPD 2016\/679 e LOPDGDD 3\/2018) RESPONSABLE: FACTOR\u00cdA DE SOFTWARE E MULTIMEDIA, S.L.; FINALIDADE: Responder a solicitude ou consulta da persoa interesada e, no seu caso, enviarlle informaci\u00f3n relacionada con OPENTRAD, contando co seu consentimento; DESTINATARIOS: Non se ceder\u00e1n datos a terceiros; DEREITOS E INFORMACI\u00d3N ADICIONAL: Perm\u00edtese [&hellip;]","og_url":"https:\/\/opentrad.com\/gl\/contacto\/","og_site_name":"Opentrad","article_modified_time":"2023-05-30T09:42:31+00:00","twitter_card":"summary_large_image","twitter_misc":{"Tempo de lectura":"3 minutos"},"schema":{"@context":"https:\/\/schema.org","@graph":[{"@type":"WebPage","@id":"https:\/\/opentrad.com\/gl\/contacto\/","url":"https:\/\/opentrad.com\/gl\/contacto\/","name":"Contacto - Opentrad","isPartOf":{"@id":"https:\/\/opentrad.com\/#website"},"datePublished":"2017-06-06T11:33:33+00:00","dateModified":"2023-05-30T09:42:31+00:00","breadcrumb":{"@id":"https:\/\/opentrad.com\/gl\/contacto\/#breadcrumb"},"inLanguage":"gl-ES","potentialAction":[{"@type":"ReadAction","target":["https:\/\/opentrad.com\/gl\/contacto\/"]}]},{"@type":"BreadcrumbList","@id":"https:\/\/opentrad.com\/gl\/contacto\/#breadcrumb","itemListElement":[{"@type":"ListItem","position":1,"name":"Portada","item":"https:\/\/opentrad.com\/"},{"@type":"ListItem","position":2,"name":"Contacto"}]},{"@type":"WebSite","@id":"https:\/\/opentrad.com\/#website","url":"https:\/\/opentrad.com\/","name":"Opentrad","description":"Traductor autom\u00e1tico que traduce tus documentos manteniendo el formato","potentialAction":[{"@type":"SearchAction","target":{"@type":"EntryPoint","urlTemplate":"https:\/\/opentrad.com\/?s={search_term_string}"},"query-input":"required name=search_term_string"}],"inLanguage":"gl-ES"}]}},"_links":{"self":[{"href":"https:\/\/opentrad.com\/gl\/wp-json\/wp\/v2\/pages\/2182"}],"collection":[{"href":"https:\/\/opentrad.com\/gl\/wp-json\/wp\/v2\/pages"}],"about":[{"href":"https:\/\/opentrad.com\/gl\/wp-json\/wp\/v2\/types\/page"}],"author":[{"embeddable":true,"href":"https:\/\/opentrad.com\/gl\/wp-json\/wp\/v2\/users\/4"}],"replies":[{"embeddable":true,"href":"https:\/\/opentrad.com\/gl\/wp-json\/wp\/v2\/comments?post=2182"}],"version-history":[{"count":7,"href":"https:\/\/opentrad.com\/gl\/wp-json\/wp\/v2\/pages\/2182\/revisions"}],"predecessor-version":[{"id":2822,"href":"https:\/\/opentrad.com\/gl\/wp-json\/wp\/v2\/pages\/2182\/revisions\/2822"}],"wp:attachment":[{"href":"https:\/\/opentrad.com\/gl\/wp-json\/wp\/v2\/media?parent=2182"}],"curies":[{"name":"wp","href":"https:\/\/api.w.org\/{rel}","templated":true}]}}