{"id":2186,"date":"2017-06-06T11:33:23","date_gmt":"2017-06-06T11:33:23","guid":{"rendered":"https:\/\/opentrad.com\/blog\/"},"modified":"2023-05-08T11:57:33","modified_gmt":"2023-05-08T11:57:33","slug":"blog","status":"publish","type":"page","link":"https:\/\/opentrad.com\/gl\/blog\/","title":{"rendered":"Blog"},"content":{"rendered":"[et_pb_section fb_built=&#8221;1&#8243; admin_label=&#8221;section&#8221; _builder_version=&#8221;4.16&#8243; background_image=&#8221;https:\/\/opentrad.com\/wp-content\/uploads\/2017\/06\/fondo-blo.jpg&#8221; global_colors_info=&#8221;{}&#8221;][et_pb_row admin_label=&#8221;row&#8221; _builder_version=&#8221;4.16&#8243; background_size=&#8221;initial&#8221; background_position=&#8221;top_left&#8221; background_repeat=&#8221;repeat&#8221; global_colors_info=&#8221;{}&#8221;][et_pb_column type=&#8221;4_4&#8243; _builder_version=&#8221;4.16&#8243; custom_padding=&#8221;|||&#8221; global_colors_info=&#8221;{}&#8221; custom_padding__hover=&#8221;|||&#8221;][et_pb_text admin_label=&#8221;Texto&#8221; _builder_version=&#8221;4.16&#8243; global_colors_info=&#8221;{}&#8221;]\n<h1 style=\"text-align: center;\">Actualidade Opentrad<\/h1>\n[\/et_pb_text][\/et_pb_column][\/et_pb_row][\/et_pb_section][et_pb_section fb_built=&#8221;1&#8243; admin_label=&#8221;Secci\u00f3n&#8221; _builder_version=&#8221;4.16&#8243; global_colors_info=&#8221;{}&#8221;][et_pb_row admin_label=&#8221;Fila&#8221; _builder_version=&#8221;4.16&#8243; background_size=&#8221;initial&#8221; background_position=&#8221;top_left&#8221; background_repeat=&#8221;repeat&#8221; global_colors_info=&#8221;{}&#8221;][et_pb_column type=&#8221;4_4&#8243; _builder_version=&#8221;4.16&#8243; custom_padding=&#8221;|||&#8221; global_colors_info=&#8221;{}&#8221; custom_padding__hover=&#8221;|||&#8221;][et_pb_blog fullwidth=&#8221;off&#8221; meta_date=&#8221;j-m-Y&#8221; show_more=&#8221;on&#8221; show_author=&#8221;off&#8221; admin_label=&#8221;Blog&#8221; _builder_version=&#8221;4.18.0&#8243; body_font_size=&#8221;15&#8243; meta_font_size=&#8221;13&#8243; hover_enabled=&#8221;0&#8243; custom_css_read_more=&#8221; background: #f94a17;|| border-radius: 30px;|| padding: 5px 20px;|| color: #fff;|| display: inline-block;|| font-weight: bold;|| text-transform: capitalize;|| margin-top: 20px;&#8221; global_colors_info=&#8221;{}&#8221; sticky_enabled=&#8221;0&#8243;][\/et_pb_blog][\/et_pb_column][\/et_pb_row][\/et_pb_section][et_pb_section fb_built=&#8221;1&#8243; _builder_version=&#8221;4.16.1&#8243; background_color=&#8221;#222222&#8243; global_module=&#8221;944&#8243; global_colors_info=&#8221;{}&#8221;][et_pb_row column_structure=&#8221;1_2,1_6,1_6,1_6&#8243; _builder_version=&#8221;4.16.1&#8243; background_size=&#8221;initial&#8221; background_position=&#8221;top_left&#8221; background_repeat=&#8221;repeat&#8221; custom_margin=&#8221;||||false|false&#8221; custom_padding=&#8221;||||false|false&#8221; global_colors_info=&#8221;{}&#8221;][et_pb_column type=&#8221;1_2&#8243; _builder_version=&#8221;4.16.1&#8243; _module_preset=&#8221;default&#8221; custom_padding=&#8221;|25%|||false|false&#8221; custom_padding_tablet=&#8221;|25%|||false|false&#8221; custom_padding_phone=&#8221;|25%|||false|false&#8221; custom_padding_last_edited=&#8221;on|desktop&#8221; custom_css_main_element=&#8221;||&#8221; global_colors_info=&#8221;{}&#8221;][et_pb_image src=&#8221;https:\/\/opentrad.com\/wp-content\/uploads\/2022\/04\/opentrad_LOGO-completo-W.svg&#8221; title_text=&#8221;opentrad_LOGO completo W&#8221; _builder_version=&#8221;4.16.1&#8243; _module_preset=&#8221;default&#8221; width=&#8221;100%&#8221; width_tablet=&#8221;51%&#8221; width_phone=&#8221;100%&#8221; width_last_edited=&#8221;on|tablet&#8221; max_width=&#8221;75%&#8221; global_colors_info=&#8221;{}&#8221;][\/et_pb_image][et_pb_text _builder_version=&#8221;4.16.1&#8243; _module_preset=&#8221;default&#8221; background_layout=&#8221;dark&#8221; global_colors_info=&#8221;{}&#8221;]\n<p>Opentrad \u00e9 a plataforma l\u00edder en servizos de traduci\u00f3n autom\u00e1tica en c\u00f3digo aberto.<\/p>\n[\/et_pb_text][et_pb_text _builder_version=&#8221;4.16.1&#8243; _module_preset=&#8221;default&#8221; text_text_color=&#8221;#FFFFFF&#8221; background_layout=&#8221;dark&#8221; custom_margin=&#8221;30px||||false|false&#8221; global_colors_info=&#8221;{}&#8221;]\n<p>Un produto<br \/><a href=\"https:\/\/imaxin.com\" target=\"_blank\" rel=\"noopener\"><img style=\"width: 150px; margin-bottom: 2px;\" src=\"\/wp-content\/uploads\/2022\/03\/logoXenericoBlancoTransp.png\" \/><\/a><\/p>\n[\/et_pb_text][\/et_pb_column][et_pb_column type=&#8221;1_6&#8243; _builder_version=&#8221;4.16.1&#8243; _module_preset=&#8221;default&#8221; global_colors_info=&#8221;{}&#8221;][et_pb_text _builder_version=&#8221;4.16.1&#8243; _module_preset=&#8221;default&#8221; background_layout=&#8221;dark&#8221; custom_margin=&#8221;50px||0px||false|false&#8221; custom_padding=&#8221;||0px||false|false&#8221; global_colors_info=&#8221;{}&#8221;]\n<h5><strong>Recursos<\/strong><\/h5>\n[\/et_pb_text][et_pb_menu menu_id=&#8221;58&#8243; active_link_color=&#8221;#FFFFFF&#8221; dropdown_menu_bg_color=&#8221;RGBA(255,255,255,0)&#8221; dropdown_menu_text_color=&#8221;#FFFFFF&#8221; dropdown_menu_active_link_color=&#8221;#FFFFFF&#8221; mobile_menu_text_color=&#8221;#FFFFFF&#8221; module_class=&#8221;vertical-menu lwp-hide-mobile-menu &#8221; _builder_version=&#8221;4.16.1&#8243; _module_preset=&#8221;default&#8221; menu_text_color=&#8221;#FFFFFF&#8221; background_enable_color=&#8221;off&#8221; background_layout=&#8221;dark&#8221; custom_margin=&#8221;||||false|false&#8221; custom_padding=&#8221;||||false|false&#8221; border_color_left=&#8221;#FFFFFF&#8221; global_colors_info=&#8221;{}&#8221;][\/et_pb_menu][\/et_pb_column][et_pb_column type=&#8221;1_6&#8243; _builder_version=&#8221;4.16.1&#8243; _module_preset=&#8221;default&#8221; global_colors_info=&#8221;{}&#8221;][et_pb_text _builder_version=&#8221;4.16.1&#8243; _module_preset=&#8221;default&#8221; background_layout=&#8221;dark&#8221; custom_margin=&#8221;50px||0px||false|false&#8221; custom_padding=&#8221;||0px||false|false&#8221; global_colors_info=&#8221;{}&#8221;]\n<h5><strong>Produtos<\/strong><\/h5>\n[\/et_pb_text][et_pb_menu menu_id=&#8221;59&#8243; active_link_color=&#8221;#FFFFFF&#8221; dropdown_menu_bg_color=&#8221;RGBA(255,255,255,0)&#8221; dropdown_menu_text_color=&#8221;#FFFFFF&#8221; dropdown_menu_active_link_color=&#8221;#FFFFFF&#8221; mobile_menu_text_color=&#8221;#FFFFFF&#8221; module_class=&#8221;vertical-menu lwp-hide-mobile-menu &#8221; _builder_version=&#8221;4.16.1&#8243; _module_preset=&#8221;default&#8221; menu_text_color=&#8221;#FFFFFF&#8221; background_enable_color=&#8221;off&#8221; background_layout=&#8221;dark&#8221; module_alignment=&#8221;left&#8221; custom_margin=&#8221;|0px||0px|false|false&#8221; custom_padding=&#8221;|0px||0px|false|false&#8221; text_orientation_last_edited=&#8221;off|desktop&#8221; border_color_left=&#8221;#FFFFFF&#8221; global_colors_info=&#8221;{}&#8221;][\/et_pb_menu][\/et_pb_column][et_pb_column type=&#8221;1_6&#8243; _builder_version=&#8221;4.16.1&#8243; _module_preset=&#8221;default&#8221; global_colors_info=&#8221;{}&#8221;][et_pb_text _builder_version=&#8221;4.18.0&#8243; _module_preset=&#8221;default&#8221; background_layout=&#8221;dark&#8221; custom_margin=&#8221;50px||0px||false|false&#8221; custom_padding=&#8221;||0px||false|false&#8221; global_colors_info=&#8221;{}&#8221;]\n<h5><strong>S\u00edguenos en<\/strong><\/h5>\n[\/et_pb_text][et_pb_social_media_follow icon_color=&#8221;#000000&#8243; icon_color_tablet=&#8221;&#8221; icon_color_phone=&#8221;&#8221; icon_color_last_edited=&#8221;on|phone&#8221; _builder_version=&#8221;4.16.1&#8243; _module_preset=&#8221;default&#8221; background_enable_color=&#8221;off&#8221; text_orientation=&#8221;left&#8221; custom_margin=&#8221;10px||||false|false&#8221; global_colors_info=&#8221;{}&#8221;][et_pb_social_media_follow_network social_network=&#8221;twitter&#8221; url=&#8221;https:\/\/twitter.com\/opentrad_com&#8221; _builder_version=&#8221;4.16.1&#8243; _module_preset=&#8221;default&#8221; background_color=&#8221;#FFFFFF&#8221; background_enable_color=&#8221;on&#8221; global_colors_info=&#8221;{}&#8221; follow_button=&#8221;off&#8221; url_new_window=&#8221;on&#8221;]twitter[\/et_pb_social_media_follow_network][et_pb_social_media_follow_network social_network=&#8221;linkedin&#8221; url=&#8221;https:\/\/www.linkedin.com\/company\/imaxin-software&#8221; _builder_version=&#8221;4.16.1&#8243; _module_preset=&#8221;default&#8221; background_color=&#8221;#FFFFFF&#8221; background_enable_color=&#8221;on&#8221; global_colors_info=&#8221;{}&#8221; follow_button=&#8221;off&#8221; url_new_window=&#8221;on&#8221;]linkedin[\/et_pb_social_media_follow_network][\/et_pb_social_media_follow][\/et_pb_column][\/et_pb_row][\/et_pb_section]\n","protected":false},"excerpt":{"rendered":"<p>Actualidade Opentrad Opentrad \u00e9 a plataforma l\u00edder en servizos de traduci\u00f3n autom\u00e1tica en c\u00f3digo aberto.Un produtoRecursosProdutosS\u00edguenos entwitterlinkedin<\/p>\n","protected":false},"author":4,"featured_media":0,"parent":0,"menu_order":0,"comment_status":"closed","ping_status":"closed","template":"","meta":{"_et_pb_use_builder":"on","_et_pb_old_content":"","_et_gb_content_width":""},"yoast_head":"<!-- This site is optimized with the Yoast SEO plugin v20.1 - https:\/\/yoast.com\/wordpress\/plugins\/seo\/ -->\n<title>Blog - Opentrad<\/title>\n<meta name=\"robots\" content=\"index, follow, max-snippet:-1, max-image-preview:large, max-video-preview:-1\" \/>\n<link rel=\"canonical\" href=\"https:\/\/opentrad.com\/blog\/\" \/>\n<meta property=\"og:locale\" content=\"gl_ES\" \/>\n<meta property=\"og:type\" content=\"article\" \/>\n<meta property=\"og:title\" content=\"Blog - Opentrad\" \/>\n<meta property=\"og:description\" content=\"Actualidade Opentrad Opentrad \u00e9 a plataforma l\u00edder en servizos de traduci\u00f3n autom\u00e1tica en c\u00f3digo aberto.Un produtoRecursosProdutosS\u00edguenos entwitterlinkedin\" \/>\n<meta property=\"og:url\" content=\"https:\/\/opentrad.com\/blog\/\" \/>\n<meta property=\"og:site_name\" content=\"Opentrad\" \/>\n<meta property=\"article:modified_time\" content=\"2023-05-08T11:57:33+00:00\" \/>\n<meta name=\"twitter:card\" content=\"summary_large_image\" \/>\n<meta name=\"twitter:label1\" content=\"Tempo de lectura\" \/>\n\t<meta name=\"twitter:data1\" content=\"4 minutos\" \/>\n<script type=\"application\/ld+json\" class=\"yoast-schema-graph\">{\"@context\":\"https:\/\/schema.org\",\"@graph\":[{\"@type\":\"WebPage\",\"@id\":\"https:\/\/opentrad.com\/blog\/\",\"url\":\"https:\/\/opentrad.com\/blog\/\",\"name\":\"Blog - Opentrad\",\"isPartOf\":{\"@id\":\"https:\/\/opentrad.com\/#website\"},\"datePublished\":\"2017-06-06T11:33:23+00:00\",\"dateModified\":\"2023-05-08T11:57:33+00:00\",\"breadcrumb\":{\"@id\":\"https:\/\/opentrad.com\/blog\/#breadcrumb\"},\"inLanguage\":\"gl-ES\",\"potentialAction\":[{\"@type\":\"ReadAction\",\"target\":[\"https:\/\/opentrad.com\/blog\/\"]}]},{\"@type\":\"BreadcrumbList\",\"@id\":\"https:\/\/opentrad.com\/blog\/#breadcrumb\",\"itemListElement\":[{\"@type\":\"ListItem\",\"position\":1,\"name\":\"Portada\",\"item\":\"https:\/\/opentrad.com\/\"},{\"@type\":\"ListItem\",\"position\":2,\"name\":\"Blog\"}]},{\"@type\":\"WebSite\",\"@id\":\"https:\/\/opentrad.com\/#website\",\"url\":\"https:\/\/opentrad.com\/\",\"name\":\"Opentrad\",\"description\":\"Traductor autom\u00e1tico que traduce tus documentos manteniendo el formato\",\"potentialAction\":[{\"@type\":\"SearchAction\",\"target\":{\"@type\":\"EntryPoint\",\"urlTemplate\":\"https:\/\/opentrad.com\/?s={search_term_string}\"},\"query-input\":\"required name=search_term_string\"}],\"inLanguage\":\"gl-ES\"}]}<\/script>\n<!-- \/ Yoast SEO plugin. -->","yoast_head_json":{"title":"Blog - Opentrad","robots":{"index":"index","follow":"follow","max-snippet":"max-snippet:-1","max-image-preview":"max-image-preview:large","max-video-preview":"max-video-preview:-1"},"canonical":"https:\/\/opentrad.com\/blog\/","og_locale":"gl_ES","og_type":"article","og_title":"Blog - Opentrad","og_description":"Actualidade Opentrad Opentrad \u00e9 a plataforma l\u00edder en servizos de traduci\u00f3n autom\u00e1tica en c\u00f3digo aberto.Un produtoRecursosProdutosS\u00edguenos entwitterlinkedin","og_url":"https:\/\/opentrad.com\/blog\/","og_site_name":"Opentrad","article_modified_time":"2023-05-08T11:57:33+00:00","twitter_card":"summary_large_image","twitter_misc":{"Tempo de lectura":"4 minutos"},"schema":{"@context":"https:\/\/schema.org","@graph":[{"@type":"WebPage","@id":"https:\/\/opentrad.com\/blog\/","url":"https:\/\/opentrad.com\/blog\/","name":"Blog - Opentrad","isPartOf":{"@id":"https:\/\/opentrad.com\/#website"},"datePublished":"2017-06-06T11:33:23+00:00","dateModified":"2023-05-08T11:57:33+00:00","breadcrumb":{"@id":"https:\/\/opentrad.com\/blog\/#breadcrumb"},"inLanguage":"gl-ES","potentialAction":[{"@type":"ReadAction","target":["https:\/\/opentrad.com\/blog\/"]}]},{"@type":"BreadcrumbList","@id":"https:\/\/opentrad.com\/blog\/#breadcrumb","itemListElement":[{"@type":"ListItem","position":1,"name":"Portada","item":"https:\/\/opentrad.com\/"},{"@type":"ListItem","position":2,"name":"Blog"}]},{"@type":"WebSite","@id":"https:\/\/opentrad.com\/#website","url":"https:\/\/opentrad.com\/","name":"Opentrad","description":"Traductor autom\u00e1tico que traduce tus documentos manteniendo el formato","potentialAction":[{"@type":"SearchAction","target":{"@type":"EntryPoint","urlTemplate":"https:\/\/opentrad.com\/?s={search_term_string}"},"query-input":"required name=search_term_string"}],"inLanguage":"gl-ES"}]}},"_links":{"self":[{"href":"https:\/\/opentrad.com\/gl\/wp-json\/wp\/v2\/pages\/2186"}],"collection":[{"href":"https:\/\/opentrad.com\/gl\/wp-json\/wp\/v2\/pages"}],"about":[{"href":"https:\/\/opentrad.com\/gl\/wp-json\/wp\/v2\/types\/page"}],"author":[{"embeddable":true,"href":"https:\/\/opentrad.com\/gl\/wp-json\/wp\/v2\/users\/4"}],"replies":[{"embeddable":true,"href":"https:\/\/opentrad.com\/gl\/wp-json\/wp\/v2\/comments?post=2186"}],"version-history":[{"count":5,"href":"https:\/\/opentrad.com\/gl\/wp-json\/wp\/v2\/pages\/2186\/revisions"}],"predecessor-version":[{"id":2276,"href":"https:\/\/opentrad.com\/gl\/wp-json\/wp\/v2\/pages\/2186\/revisions\/2276"}],"wp:attachment":[{"href":"https:\/\/opentrad.com\/gl\/wp-json\/wp\/v2\/media?parent=2186"}],"curies":[{"name":"wp","href":"https:\/\/api.w.org\/{rel}","templated":true}]}}